{"id":2712,"date":"2019-08-13T14:11:41","date_gmt":"2019-08-13T12:11:41","guid":{"rendered":"https:\/\/solfilm.se\/no\/?page_id=2712"},"modified":"2023-10-04T14:14:58","modified_gmt":"2023-10-04T12:14:58","slug":"tilbudsforesporsel","status":"publish","type":"page","link":"https:\/\/www.solfilm.se\/no\/kontakt\/tilbudsforesporsel\/","title":{"rendered":"Tilbudsforesp\u00f8rsel"},"content":{"rendered":"<div class=\"wpb-content-wrapper\"><p>[vc_row bg_color=&raquo;#181a1a&raquo; text_color=&raquo;light&raquo; text_align=&raquo;center&raquo; top_padding=&raquo;60&#8243; bottom_padding=&raquo;60&#8243; class=&raquo;quote-section-page&raquo;][vc_column][vc_column_text]<\/p>\n<h1>Tilbudsforesp\u00f8rsel<\/h1>\n<div class=\"ingress-quote\">Kontakt oss for et gratis tilbud, s\u00e5 kommer vi tilbake til deg innen 24 timer.<\/div>\n<p>[\/vc_column_text]<a href=\"https:\/\/www.solfilm.se\/no\/kontakt\/tilbudsforesporsel-solfilm\/\" target=\"_self\" class=\"button yellow medium button-quote-request\" style=\"border-radius: ;\">Solfilm<\/a><a href=\"https:\/\/www.solfilm.se\/no\/kontakt\/tilbudsforesporsel-sikkerhetsfilm\/\" target=\"_self\" class=\"button yellow medium button-quote-request\" style=\"border-radius: ;\">Sikkerhetsfilm<\/a><a href=\"https:\/\/www.solfilm.se\/no\/kontakt\/tilbudsforesporsel-dekorativ-film\/\" target=\"_self\" class=\"button yellow medium button-quote-request\" style=\"border-radius: ;\">Dekorativ film<\/a><a href=\"https:\/\/www.solfilm.se\/no\/kontakt\/tilbudsforesporsel-innvendig-folie\/\" target=\"_self\" class=\"button yellow medium button-quote-request\" style=\"border-radius: ;\">Innvendig folie<\/a>[\/vc_column][\/vc_row][vc_row bg_color=&raquo;#000000&#8243; text_color=&raquo;light&raquo; text_align=&raquo;center&raquo; top_padding=&raquo;33&#8243; bottom_padding=&raquo;40&#8243; class=&raquo;trusted-section&raquo;][vc_column][vc_raw_html]JTNDZGl2JTIwY2xhc3MlM0QlMjJ0cnVzdGVkLWluZ3Jlc3MlMjIlM0VTb2xmaWxtc21vbnQlQzMlQjZyZW4lMjBoYXIlMjBvdmVyJTIwNTAwMCUyMGZvcm4lQzMlQjh5ZGUlMjBrdW5kZXIuJTNDJTJGZGl2JTNFJTBBJTNDZGl2JTIwY2xhc3MlM0QlMjJ0cnVzdGVkJTIyJTNFJTNDaSUyMGNsYXNzJTNEJTIyZmElMjBmYS1zdGFyJTIyJTNFJTNDJTJGaSUzRSUzQ2klMjBjbGFzcyUzRCUyMmZhJTIwZmEtc3RhciUyMiUzRSUzQyUyRmklM0UlM0NpJTIwY2xhc3MlM0QlMjJmYSUyMGZhLXN0YXIlMjIlM0UlM0MlMkZpJTNFJTNDaSUyMGNsYXNzJTNEJTIyZmElMjBmYS1zdGFyJTIyJTNFJTNDJTJGaSUzRSUzQ2klMjBjbGFzcyUzRCUyMmZhJTIwZmEtc3RhciUyMiUzRSUzQyUyRmklM0UlM0MlMkZkaXYlM0U=[\/vc_raw_html][\/vc_column][\/vc_row]<\/p>\n<\/div>","protected":false},"excerpt":{"rendered":"<p>Kontakt oss for et gratis tilbud, s\u00e5 kommer vi tilbake til deg innen 24 timer.<\/p>\n","protected":false},"author":1,"featured_media":0,"parent":851,"menu_order":0,"comment_status":"closed","ping_status":"closed","template":"","meta":{"footnotes":"","_links_to":"","_links_to_target":""},"class_list":["post-2712","page","type-page","status-publish","hentry"],"yoast_head":"<!-- This site is optimized with the Yoast SEO plugin v27.2 - https:\/\/yoast.com\/product\/yoast-seo-wordpress\/ -->\n<title>Tilbudsforesp\u00f8rsel - Solfilmsmont\u00f6ren<\/title>\n<meta name=\"robots\" content=\"noindex, follow, max-snippet:-1, max-image-preview:large, max-video-preview:-1\" \/>\n<meta property=\"og:locale\" content=\"nb_NO\" \/>\n<meta property=\"og:type\" content=\"article\" \/>\n<meta property=\"og:title\" content=\"Tilbudsforesp\u00f8rsel - Solfilmsmont\u00f6ren\" \/>\n<meta property=\"og:description\" content=\"Kontakt oss for et gratis tilbud, s\u00e5 kommer vi tilbake til deg innen 24 timer.\" \/>\n<meta property=\"og:url\" content=\"https:\/\/www.solfilm.se\/no\/kontakt\/tilbudsforesporsel\/\" \/>\n<meta property=\"og:site_name\" content=\"Solfilmsmont\u00f6ren\" \/>\n<meta property=\"article:publisher\" content=\"https:\/\/www.facebook.com\/solfilmsmontoren\" \/>\n<meta property=\"article:modified_time\" content=\"2023-10-04T12:14:58+00:00\" \/>\n<meta property=\"og:image\" content=\"https:\/\/www.solfilm.se\/no\/wp-content\/uploads\/facebook-image.jpg\" \/>\n\t<meta property=\"og:image:width\" content=\"1200\" \/>\n\t<meta property=\"og:image:height\" content=\"630\" \/>\n\t<meta property=\"og:image:type\" content=\"image\/jpeg\" \/>\n<meta name=\"twitter:label1\" content=\"Ansl. lesetid\" \/>\n\t<meta name=\"twitter:data1\" content=\"1 minutt\" \/>\n<script type=\"application\/ld+json\" class=\"yoast-schema-graph\">{\"@context\":\"https:\/\/schema.org\",\"@graph\":[{\"@type\":\"WebPage\",\"@id\":\"https:\/\/www.solfilm.se\/no\/kontakt\/tilbudsforesporsel\/\",\"url\":\"https:\/\/www.solfilm.se\/no\/kontakt\/tilbudsforesporsel\/\",\"name\":\"Tilbudsforesp\u00f8rsel - Solfilmsmont\u00f6ren\",\"isPartOf\":{\"@id\":\"https:\/\/www.solfilm.se\/no\/#website\"},\"datePublished\":\"2019-08-13T12:11:41+00:00\",\"dateModified\":\"2023-10-04T12:14:58+00:00\",\"breadcrumb\":{\"@id\":\"https:\/\/www.solfilm.se\/no\/kontakt\/tilbudsforesporsel\/#breadcrumb\"},\"inLanguage\":\"nb-NO\",\"potentialAction\":[{\"@type\":\"ReadAction\",\"target\":[\"https:\/\/www.solfilm.se\/no\/kontakt\/tilbudsforesporsel\/\"]}]},{\"@type\":\"BreadcrumbList\",\"@id\":\"https:\/\/www.solfilm.se\/no\/kontakt\/tilbudsforesporsel\/#breadcrumb\",\"itemListElement\":[{\"@type\":\"ListItem\",\"position\":1,\"name\":\"Hem\",\"item\":\"https:\/\/www.solfilm.se\/no\/\"},{\"@type\":\"ListItem\",\"position\":2,\"name\":\"Kontakt\",\"item\":\"https:\/\/www.solfilm.se\/no\/kontakt\/\"},{\"@type\":\"ListItem\",\"position\":3,\"name\":\"Tilbudsforesp\u00f8rsel\"}]},{\"@type\":\"WebSite\",\"@id\":\"https:\/\/www.solfilm.se\/no\/#website\",\"url\":\"https:\/\/www.solfilm.se\/no\/\",\"name\":\"Solfilmsmont\u00f6ren\",\"description\":\"\",\"publisher\":{\"@id\":\"https:\/\/www.solfilm.se\/no\/#organization\"},\"potentialAction\":[{\"@type\":\"SearchAction\",\"target\":{\"@type\":\"EntryPoint\",\"urlTemplate\":\"https:\/\/www.solfilm.se\/no\/?s={search_term_string}\"},\"query-input\":{\"@type\":\"PropertyValueSpecification\",\"valueRequired\":true,\"valueName\":\"search_term_string\"}}],\"inLanguage\":\"nb-NO\"},{\"@type\":\"Organization\",\"@id\":\"https:\/\/www.solfilm.se\/no\/#organization\",\"name\":\"Solfilmsmont\u00f6ren Sverige AB\",\"url\":\"https:\/\/www.solfilm.se\/no\/\",\"logo\":{\"@type\":\"ImageObject\",\"inLanguage\":\"nb-NO\",\"@id\":\"https:\/\/www.solfilm.se\/no\/#\/schema\/logo\/image\/\",\"url\":\"\",\"contentUrl\":\"\",\"caption\":\"Solfilmsmont\u00f6ren Sverige AB\"},\"image\":{\"@id\":\"https:\/\/www.solfilm.se\/no\/#\/schema\/logo\/image\/\"},\"sameAs\":[\"https:\/\/www.facebook.com\/solfilmsmontoren\",\"https:\/\/www.instagram.com\/solfilmsmontoren\",\"https:\/\/se.linkedin.com\/company\/solfilmsmont\u00f6ren\"]}]}<\/script>\n<!-- \/ Yoast SEO plugin. -->","yoast_head_json":{"title":"Tilbudsforesp\u00f8rsel - Solfilmsmont\u00f6ren","robots":{"index":"noindex","follow":"follow","max-snippet":"max-snippet:-1","max-image-preview":"max-image-preview:large","max-video-preview":"max-video-preview:-1"},"og_locale":"nb_NO","og_type":"article","og_title":"Tilbudsforesp\u00f8rsel - Solfilmsmont\u00f6ren","og_description":"Kontakt oss for et gratis tilbud, s\u00e5 kommer vi tilbake til deg innen 24 timer.","og_url":"https:\/\/www.solfilm.se\/no\/kontakt\/tilbudsforesporsel\/","og_site_name":"Solfilmsmont\u00f6ren","article_publisher":"https:\/\/www.facebook.com\/solfilmsmontoren","article_modified_time":"2023-10-04T12:14:58+00:00","og_image":[{"width":1200,"height":630,"url":"https:\/\/www.solfilm.se\/no\/wp-content\/uploads\/facebook-image.jpg","type":"image\/jpeg"}],"twitter_misc":{"Ansl. lesetid":"1 minutt"},"schema":{"@context":"https:\/\/schema.org","@graph":[{"@type":"WebPage","@id":"https:\/\/www.solfilm.se\/no\/kontakt\/tilbudsforesporsel\/","url":"https:\/\/www.solfilm.se\/no\/kontakt\/tilbudsforesporsel\/","name":"Tilbudsforesp\u00f8rsel - Solfilmsmont\u00f6ren","isPartOf":{"@id":"https:\/\/www.solfilm.se\/no\/#website"},"datePublished":"2019-08-13T12:11:41+00:00","dateModified":"2023-10-04T12:14:58+00:00","breadcrumb":{"@id":"https:\/\/www.solfilm.se\/no\/kontakt\/tilbudsforesporsel\/#breadcrumb"},"inLanguage":"nb-NO","potentialAction":[{"@type":"ReadAction","target":["https:\/\/www.solfilm.se\/no\/kontakt\/tilbudsforesporsel\/"]}]},{"@type":"BreadcrumbList","@id":"https:\/\/www.solfilm.se\/no\/kontakt\/tilbudsforesporsel\/#breadcrumb","itemListElement":[{"@type":"ListItem","position":1,"name":"Hem","item":"https:\/\/www.solfilm.se\/no\/"},{"@type":"ListItem","position":2,"name":"Kontakt","item":"https:\/\/www.solfilm.se\/no\/kontakt\/"},{"@type":"ListItem","position":3,"name":"Tilbudsforesp\u00f8rsel"}]},{"@type":"WebSite","@id":"https:\/\/www.solfilm.se\/no\/#website","url":"https:\/\/www.solfilm.se\/no\/","name":"Solfilmsmont\u00f6ren","description":"","publisher":{"@id":"https:\/\/www.solfilm.se\/no\/#organization"},"potentialAction":[{"@type":"SearchAction","target":{"@type":"EntryPoint","urlTemplate":"https:\/\/www.solfilm.se\/no\/?s={search_term_string}"},"query-input":{"@type":"PropertyValueSpecification","valueRequired":true,"valueName":"search_term_string"}}],"inLanguage":"nb-NO"},{"@type":"Organization","@id":"https:\/\/www.solfilm.se\/no\/#organization","name":"Solfilmsmont\u00f6ren Sverige AB","url":"https:\/\/www.solfilm.se\/no\/","logo":{"@type":"ImageObject","inLanguage":"nb-NO","@id":"https:\/\/www.solfilm.se\/no\/#\/schema\/logo\/image\/","url":"","contentUrl":"","caption":"Solfilmsmont\u00f6ren Sverige AB"},"image":{"@id":"https:\/\/www.solfilm.se\/no\/#\/schema\/logo\/image\/"},"sameAs":["https:\/\/www.facebook.com\/solfilmsmontoren","https:\/\/www.instagram.com\/solfilmsmontoren","https:\/\/se.linkedin.com\/company\/solfilmsmont\u00f6ren"]}]}},"_links":{"self":[{"href":"https:\/\/www.solfilm.se\/no\/wp-json\/wp\/v2\/pages\/2712","targetHints":{"allow":["GET"]}}],"collection":[{"href":"https:\/\/www.solfilm.se\/no\/wp-json\/wp\/v2\/pages"}],"about":[{"href":"https:\/\/www.solfilm.se\/no\/wp-json\/wp\/v2\/types\/page"}],"author":[{"embeddable":true,"href":"https:\/\/www.solfilm.se\/no\/wp-json\/wp\/v2\/users\/1"}],"replies":[{"embeddable":true,"href":"https:\/\/www.solfilm.se\/no\/wp-json\/wp\/v2\/comments?post=2712"}],"version-history":[{"count":5,"href":"https:\/\/www.solfilm.se\/no\/wp-json\/wp\/v2\/pages\/2712\/revisions"}],"predecessor-version":[{"id":10590,"href":"https:\/\/www.solfilm.se\/no\/wp-json\/wp\/v2\/pages\/2712\/revisions\/10590"}],"up":[{"embeddable":true,"href":"https:\/\/www.solfilm.se\/no\/wp-json\/wp\/v2\/pages\/851"}],"wp:attachment":[{"href":"https:\/\/www.solfilm.se\/no\/wp-json\/wp\/v2\/media?parent=2712"}],"curies":[{"name":"wp","href":"https:\/\/api.w.org\/{rel}","templated":true}]}}