{"id":6893,"date":"2021-12-10T12:22:16","date_gmt":"2021-12-10T11:22:16","guid":{"rendered":"https:\/\/www.solfilm.se\/dk\/?page_id=6893"},"modified":"2023-10-30T20:05:11","modified_gmt":"2023-10-30T19:05:11","slug":"frostet-film","status":"publish","type":"page","link":"https:\/\/www.solfilm.se\/dk\/produkter\/dekorativ-film\/frostet-film\/","title":{"rendered":"Frosted film"},"content":{"rendered":"<div class=\"wpb-content-wrapper\"><p>[vc_row][vc_column width=&#8221;1\/1&#8243;]<div class=\"flexslider wpb_content_element\"><ul class=\"slides\"><li><img decoding=\"async\" src=\"https:\/\/www.solfilm.se\/dk\/wp-content\/uploads\/2021\/12\/frostad-film.jpg\" alt=\"frostat insynsskydd\" \/><\/li><li><img decoding=\"async\" src=\"https:\/\/www.solfilm.se\/dk\/wp-content\/uploads\/2021\/12\/frostad-film3.jpg\" alt=\"frostad film\" \/><\/li><li><img decoding=\"async\" src=\"https:\/\/www.solfilm.se\/dk\/wp-content\/uploads\/2021\/12\/frostad-film1.jpg\" alt=\"frostad film\" \/><\/li><li><img decoding=\"async\" src=\"https:\/\/www.solfilm.se\/dk\/wp-content\/uploads\/2021\/12\/frostad-film2.jpg\" alt=\"frostad film\" \/><\/li><li><img decoding=\"async\" src=\"https:\/\/www.solfilm.se\/dk\/wp-content\/uploads\/2021\/12\/frostad-film4.jpg\" alt=\"frostad film hotellrum\" \/><\/li><li><img decoding=\"async\" src=\"https:\/\/www.solfilm.se\/dk\/wp-content\/uploads\/2021\/12\/frostad-film5.jpg\" alt=\"frostfilm badrum\" \/><\/li><li><img decoding=\"async\" src=\"https:\/\/www.solfilm.se\/dk\/wp-content\/uploads\/2021\/12\/frostad-film6.jpg\" alt=\"frostfilm entred\u00f6rrar\" \/><\/li><li><img decoding=\"async\" src=\"https:\/\/www.solfilm.se\/dk\/wp-content\/uploads\/2021\/12\/frostad-film7.jpg\" alt=\"frostfilm konferensrum\" \/><\/li><li><img decoding=\"async\" src=\"https:\/\/www.solfilm.se\/dk\/wp-content\/uploads\/2021\/12\/frostad-film8.jpg\" alt=\"dekorfilm\" \/><\/li><li><img decoding=\"async\" src=\"https:\/\/www.solfilm.se\/dk\/wp-content\/uploads\/2021\/12\/frostad-film10.jpg\" alt=\"frostad film kontor\" \/><\/li><li><img decoding=\"async\" src=\"https:\/\/www.solfilm.se\/dk\/wp-content\/uploads\/2021\/12\/frostad-film9.jpg\" alt=\"frostad film butik\" \/><\/li><\/ul><\/div>[vc_column_text]<\/p>\n<h1>Frosted film til alle behov<\/h1>\n<p>Vi tilbyder frostet film b\u00e5de som frostet privatlivsbeskyttelse og frostet dekoration p\u00e5 alle typer vinduer og glasoverflader. Frostet film kan bruges i mange forskellige milj\u00f8er og er perfekte som privatlivsbeskyttelse i badev\u00e6relser, omkl\u00e6dningsrum, kontorer og konferencelokaler. Frostet film giver ikke kun vinduer et sp\u00e6ndende udtryk, men ogs\u00e5 glasborde, glasmontre, glasv\u00e6gge, glasd\u00f8re og spejle f\u00e5r et nyt look. Virksomhedsprofilering s\u00e5som logoer, skilte og bilm\u00e6rkater i dette materiale er ogs\u00e5 almindelige. Vores mest popul\u00e6re frostede film er Mat Acid-X og Mat White.<\/p>\n<p><strong>Optimal beskyttelse af privatlivets fred<\/strong><br \/>\nI dag bliver flere og flere kontorlandskaber indrettet med glasv\u00e6gge og glasd\u00f8re. Dette giver en dejlig f\u00f8lelse af \u00e5benhed og meget lyse kontorer, men kan ogs\u00e5 opfattes som kedelige, stive og farvel\u00f8se med kun glas overalt. Giv dit kontor et rigtigt l\u00f8ft og et mere personligt og sp\u00e6ndende look med matteret glas. Frostet film giver optimal beskyttelse af privatlivet, mens den tillader en stor m\u00e6ngde lys ind. Sammenlignet med bl\u00e6st glas eller kemisk glas\u00e6tsning er frostet film et uovertruffen \u00f8konomisk alternativ, da det er muligt at udskifte og fjerne filmen uden at beskadige glasset.<\/p>\n<p><strong>Digitalprint<\/strong><br \/>\nMed vores moderne digitale printer kan vi tilbyde print p\u00e5 dekorative film, frostet film, vinyler, bannere, decals og fotov\u00e6gmalerier. Kontakt os n\u00e6ste gang du skal have noget trykt med topkvalitet i et mindre oplag. <a href=\"https:\/\/www.solfilm.se\/dk\/produkter\/digitalprint\">L\u00e6s mere<\/a>.<\/p>\n<p><strong>Sp\u00e6ndende dekoration<\/strong><br \/>\nVi tilbyder ogs\u00e5 frostede dekorationsfilm med dekorativ og m\u00f8nstret indretning, der skaber et behageligt og interessant milj\u00f8. Frosted dekorationsfilm kan monteres p\u00e5 alle typer indvendige glasoverflader og er velegnet til butikker, kontorer, konferencelokaler, restauranter, hoteller, glasv\u00e6gge og glasd\u00f8re. De dekorative film f\u00e5s i en r\u00e6kke forskellige designs s\u00e5som stribet, ternet, marmoreret og blomstret. Det er ogs\u00e5 udm\u00e6rket muligt at kombinere de forskellige film. Skab et personligt og trendy milj\u00f8 med frostet dekorativ film. Den eneste begr\u00e6nsning er fantasien.<\/p>\n<p><strong>Er du interesseret i frostet film?<\/strong><br \/>\nVi monterer og leverer frostet film efter \u00f8nske.<br \/>\nKontakt os for et gratis tilbud, og vi vender tilbage til dig inden for 24 timer.[\/vc_column_text][\/vc_column][\/vc_row][vc_row text_align=&#8221;center&#8221; top_padding=&#8221;30&#8243; bottom_padding=&#8221;35&#8243;][vc_column width=&#8221;1\/1&#8243;]<a href=\"https:\/\/www.solfilm.se\/dk\/kontakt\/tilbudsanmodning-dekorativ-film\/\" target=\"_self\" class=\"button color-1 medium button-quote-request-2\" style=\"border-radius: 60px;\">Tilbudsanmodning<\/a><a href=\"https:\/\/www.solfilm.se\/dk\/referencer\/dekorativ-film\/\" target=\"_self\" class=\"button color-1 medium button-quote-request-2\" style=\"border-radius: 60px;\">Referencer<\/a>[\/vc_column][\/vc_row][vc_row][vc_column width=&#8221;1\/1&#8243;]<div class=\"boxedholder   clearfix\" style=\"padding: 10px 0px 7px 18px; margin: 0px 0px 3px 0px; background-color: #f0f0f0; \">[vc_column_text]<\/p>\n<div class=\"tech-title\">Dekorativ film<\/div>\n<p>[\/vc_column_text]<\/div>[\/vc_column][\/vc_row][vc_row class=&#8221;tech-content&#8221; row_id=&#8221;tech-data&#8221;][vc_column el_class=&#8221;tech-col-1&#8243; width=&#8221;1\/3&#8243;][vc_column_text]<i class=\"fa fa-file-pdf-o\"><\/i> <a href=\"https:\/\/www.solfilm.se\/download\/dekor-designfilm\/floral.pdf\" target=\"_blank\" rel=\"noopener\">Floral<\/a><br \/>\n<i class=\"fa fa-file-pdf-o\"><\/i> <a href=\"https:\/\/www.solfilm.se\/download\/dekor-designfilm\/strada.pdf\" target=\"_blank\" rel=\"noopener\">Strada<\/a>[\/vc_column_text][\/vc_column][vc_column el_class=&#8221;tech-col-2&#8243; width=&#8221;1\/3&#8243;][vc_column_text]<i class=\"fa fa-file-pdf-o\"><\/i> <a href=\"https:\/\/www.solfilm.se\/download\/dekor-designfilm\/mat-acid-x.pdf\" target=\"_blank\" rel=\"noopener\">Mat Acid-X<\/a>[\/vc_column_text][\/vc_column][vc_column el_class=&#8221;tech-col-3&#8243; width=&#8221;1\/3&#8243;][vc_column_text]<i class=\"fa fa-file-pdf-o\"><\/i> <a href=\"https:\/\/www.solfilm.se\/download\/dekor-designfilm\/mat-white.pdf\" target=\"_blank\" rel=\"noopener\">Mat White<\/a>[\/vc_column_text][\/vc_column][\/vc_row]<\/p>\n<\/div>","protected":false},"excerpt":{"rendered":"<p>Vi tilbyder frostet film b\u00e5de som frostet privatlivsbeskyttelse og frostet dekoration p\u00e5 alle typer vinduer og glasoverflader. Frostede film kan bruges i mange forskellige milj\u00f8er og er perfekte som privatlivsbeskyttelse i badev\u00e6relser, omkl\u00e6dningsrum, kontorer og konferencelokaler.<\/p>\n","protected":false},"author":1,"featured_media":0,"parent":311,"menu_order":0,"comment_status":"closed","ping_status":"closed","template":"","meta":{"footnotes":"","_links_to":"","_links_to_target":""},"class_list":["post-6893","page","type-page","status-publish","hentry"],"yoast_head":"<!-- This site is optimized with the Yoast SEO plugin v27.4 - https:\/\/yoast.com\/product\/yoast-seo-wordpress\/ -->\n<title>Frosted film - Solfilmsmont\u00f6ren<\/title>\n<meta name=\"robots\" content=\"noindex, follow, max-snippet:-1, max-image-preview:large, max-video-preview:-1\" \/>\n<meta property=\"og:locale\" content=\"da_DK\" \/>\n<meta property=\"og:type\" content=\"article\" \/>\n<meta property=\"og:title\" content=\"Frosted film - Solfilmsmont\u00f6ren\" \/>\n<meta property=\"og:description\" content=\"Vi tilbyder frostet film b\u00e5de som frostet privatlivsbeskyttelse og frostet dekoration p\u00e5 alle typer vinduer og glasoverflader. Frostede film kan bruges i mange forskellige milj\u00f8er og er perfekte som privatlivsbeskyttelse i badev\u00e6relser, omkl\u00e6dningsrum, kontorer og konferencelokaler.\" \/>\n<meta property=\"og:url\" content=\"https:\/\/www.solfilm.se\/dk\/produkter\/dekorativ-film\/frostet-film\/\" \/>\n<meta property=\"og:site_name\" content=\"Solfilmsmont\u00f6ren\" \/>\n<meta property=\"article:publisher\" content=\"https:\/\/www.facebook.com\/solfilmsmontoren\" \/>\n<meta property=\"article:modified_time\" content=\"2023-10-30T19:05:11+00:00\" \/>\n<meta name=\"twitter:label1\" content=\"Estimeret l\u00e6setid\" \/>\n\t<meta name=\"twitter:data1\" content=\"3 minutter\" \/>\n<script type=\"application\/ld+json\" class=\"yoast-schema-graph\">{\"@context\":\"https:\\\/\\\/schema.org\",\"@graph\":[{\"@type\":\"WebPage\",\"@id\":\"https:\\\/\\\/www.solfilm.se\\\/dk\\\/produkter\\\/dekorativ-film\\\/frostet-film\\\/\",\"url\":\"https:\\\/\\\/www.solfilm.se\\\/dk\\\/produkter\\\/dekorativ-film\\\/frostet-film\\\/\",\"name\":\"Frosted film - Solfilmsmont\u00f6ren\",\"isPartOf\":{\"@id\":\"https:\\\/\\\/www.solfilm.se\\\/dk\\\/#website\"},\"datePublished\":\"2021-12-10T11:22:16+00:00\",\"dateModified\":\"2023-10-30T19:05:11+00:00\",\"breadcrumb\":{\"@id\":\"https:\\\/\\\/www.solfilm.se\\\/dk\\\/produkter\\\/dekorativ-film\\\/frostet-film\\\/#breadcrumb\"},\"inLanguage\":\"da-DK\",\"potentialAction\":[{\"@type\":\"ReadAction\",\"target\":[\"https:\\\/\\\/www.solfilm.se\\\/dk\\\/produkter\\\/dekorativ-film\\\/frostet-film\\\/\"]}]},{\"@type\":\"BreadcrumbList\",\"@id\":\"https:\\\/\\\/www.solfilm.se\\\/dk\\\/produkter\\\/dekorativ-film\\\/frostet-film\\\/#breadcrumb\",\"itemListElement\":[{\"@type\":\"ListItem\",\"position\":1,\"name\":\"Hem\",\"item\":\"https:\\\/\\\/www.solfilm.se\\\/dk\\\/\"},{\"@type\":\"ListItem\",\"position\":2,\"name\":\"Produkter\",\"item\":\"https:\\\/\\\/www.solfilm.se\\\/dk\\\/produkter\\\/\"},{\"@type\":\"ListItem\",\"position\":3,\"name\":\"Dekorativ film\",\"item\":\"https:\\\/\\\/www.solfilm.se\\\/dk\\\/produkter\\\/dekorativ-film\\\/\"},{\"@type\":\"ListItem\",\"position\":4,\"name\":\"Frosted film\"}]},{\"@type\":\"WebSite\",\"@id\":\"https:\\\/\\\/www.solfilm.se\\\/dk\\\/#website\",\"url\":\"https:\\\/\\\/www.solfilm.se\\\/dk\\\/\",\"name\":\"Solfilmsmont\u00f6ren\",\"description\":\"\",\"publisher\":{\"@id\":\"https:\\\/\\\/www.solfilm.se\\\/dk\\\/#organization\"},\"potentialAction\":[{\"@type\":\"SearchAction\",\"target\":{\"@type\":\"EntryPoint\",\"urlTemplate\":\"https:\\\/\\\/www.solfilm.se\\\/dk\\\/?s={search_term_string}\"},\"query-input\":{\"@type\":\"PropertyValueSpecification\",\"valueRequired\":true,\"valueName\":\"search_term_string\"}}],\"inLanguage\":\"da-DK\"},{\"@type\":\"Organization\",\"@id\":\"https:\\\/\\\/www.solfilm.se\\\/dk\\\/#organization\",\"name\":\"Solfilmsmont\u00f6ren Sverige AB\",\"url\":\"https:\\\/\\\/www.solfilm.se\\\/dk\\\/\",\"logo\":{\"@type\":\"ImageObject\",\"inLanguage\":\"da-DK\",\"@id\":\"https:\\\/\\\/www.solfilm.se\\\/dk\\\/#\\\/schema\\\/logo\\\/image\\\/\",\"url\":\"\",\"contentUrl\":\"\",\"caption\":\"Solfilmsmont\u00f6ren Sverige AB\"},\"image\":{\"@id\":\"https:\\\/\\\/www.solfilm.se\\\/dk\\\/#\\\/schema\\\/logo\\\/image\\\/\"},\"sameAs\":[\"https:\\\/\\\/www.facebook.com\\\/solfilmsmontoren\",\"https:\\\/\\\/www.instagram.com\\\/solfilmsmontoren\",\"https:\\\/\\\/se.linkedin.com\\\/company\\\/solfilmsmont\u00f6ren\"]}]}<\/script>\n<!-- \/ Yoast SEO plugin. -->","yoast_head_json":{"title":"Frosted film - Solfilmsmont\u00f6ren","robots":{"index":"noindex","follow":"follow","max-snippet":"max-snippet:-1","max-image-preview":"max-image-preview:large","max-video-preview":"max-video-preview:-1"},"og_locale":"da_DK","og_type":"article","og_title":"Frosted film - Solfilmsmont\u00f6ren","og_description":"Vi tilbyder frostet film b\u00e5de som frostet privatlivsbeskyttelse og frostet dekoration p\u00e5 alle typer vinduer og glasoverflader. Frostede film kan bruges i mange forskellige milj\u00f8er og er perfekte som privatlivsbeskyttelse i badev\u00e6relser, omkl\u00e6dningsrum, kontorer og konferencelokaler.","og_url":"https:\/\/www.solfilm.se\/dk\/produkter\/dekorativ-film\/frostet-film\/","og_site_name":"Solfilmsmont\u00f6ren","article_publisher":"https:\/\/www.facebook.com\/solfilmsmontoren","article_modified_time":"2023-10-30T19:05:11+00:00","twitter_misc":{"Estimeret l\u00e6setid":"3 minutter"},"schema":{"@context":"https:\/\/schema.org","@graph":[{"@type":"WebPage","@id":"https:\/\/www.solfilm.se\/dk\/produkter\/dekorativ-film\/frostet-film\/","url":"https:\/\/www.solfilm.se\/dk\/produkter\/dekorativ-film\/frostet-film\/","name":"Frosted film - Solfilmsmont\u00f6ren","isPartOf":{"@id":"https:\/\/www.solfilm.se\/dk\/#website"},"datePublished":"2021-12-10T11:22:16+00:00","dateModified":"2023-10-30T19:05:11+00:00","breadcrumb":{"@id":"https:\/\/www.solfilm.se\/dk\/produkter\/dekorativ-film\/frostet-film\/#breadcrumb"},"inLanguage":"da-DK","potentialAction":[{"@type":"ReadAction","target":["https:\/\/www.solfilm.se\/dk\/produkter\/dekorativ-film\/frostet-film\/"]}]},{"@type":"BreadcrumbList","@id":"https:\/\/www.solfilm.se\/dk\/produkter\/dekorativ-film\/frostet-film\/#breadcrumb","itemListElement":[{"@type":"ListItem","position":1,"name":"Hem","item":"https:\/\/www.solfilm.se\/dk\/"},{"@type":"ListItem","position":2,"name":"Produkter","item":"https:\/\/www.solfilm.se\/dk\/produkter\/"},{"@type":"ListItem","position":3,"name":"Dekorativ film","item":"https:\/\/www.solfilm.se\/dk\/produkter\/dekorativ-film\/"},{"@type":"ListItem","position":4,"name":"Frosted film"}]},{"@type":"WebSite","@id":"https:\/\/www.solfilm.se\/dk\/#website","url":"https:\/\/www.solfilm.se\/dk\/","name":"Solfilmsmont\u00f6ren","description":"","publisher":{"@id":"https:\/\/www.solfilm.se\/dk\/#organization"},"potentialAction":[{"@type":"SearchAction","target":{"@type":"EntryPoint","urlTemplate":"https:\/\/www.solfilm.se\/dk\/?s={search_term_string}"},"query-input":{"@type":"PropertyValueSpecification","valueRequired":true,"valueName":"search_term_string"}}],"inLanguage":"da-DK"},{"@type":"Organization","@id":"https:\/\/www.solfilm.se\/dk\/#organization","name":"Solfilmsmont\u00f6ren Sverige AB","url":"https:\/\/www.solfilm.se\/dk\/","logo":{"@type":"ImageObject","inLanguage":"da-DK","@id":"https:\/\/www.solfilm.se\/dk\/#\/schema\/logo\/image\/","url":"","contentUrl":"","caption":"Solfilmsmont\u00f6ren Sverige AB"},"image":{"@id":"https:\/\/www.solfilm.se\/dk\/#\/schema\/logo\/image\/"},"sameAs":["https:\/\/www.facebook.com\/solfilmsmontoren","https:\/\/www.instagram.com\/solfilmsmontoren","https:\/\/se.linkedin.com\/company\/solfilmsmont\u00f6ren"]}]}},"_links":{"self":[{"href":"https:\/\/www.solfilm.se\/dk\/wp-json\/wp\/v2\/pages\/6893","targetHints":{"allow":["GET"]}}],"collection":[{"href":"https:\/\/www.solfilm.se\/dk\/wp-json\/wp\/v2\/pages"}],"about":[{"href":"https:\/\/www.solfilm.se\/dk\/wp-json\/wp\/v2\/types\/page"}],"author":[{"embeddable":true,"href":"https:\/\/www.solfilm.se\/dk\/wp-json\/wp\/v2\/users\/1"}],"replies":[{"embeddable":true,"href":"https:\/\/www.solfilm.se\/dk\/wp-json\/wp\/v2\/comments?post=6893"}],"version-history":[{"count":5,"href":"https:\/\/www.solfilm.se\/dk\/wp-json\/wp\/v2\/pages\/6893\/revisions"}],"predecessor-version":[{"id":10702,"href":"https:\/\/www.solfilm.se\/dk\/wp-json\/wp\/v2\/pages\/6893\/revisions\/10702"}],"up":[{"embeddable":true,"href":"https:\/\/www.solfilm.se\/dk\/wp-json\/wp\/v2\/pages\/311"}],"wp:attachment":[{"href":"https:\/\/www.solfilm.se\/dk\/wp-json\/wp\/v2\/media?parent=6893"}],"curies":[{"name":"wp","href":"https:\/\/api.w.org\/{rel}","templated":true}]}}