{"id":5302,"date":"2021-01-21T18:31:04","date_gmt":"2021-01-21T17:31:04","guid":{"rendered":"https:\/\/www.solfilm.se\/dk\/?page_id=5302"},"modified":"2025-12-04T15:55:34","modified_gmt":"2025-12-04T14:55:34","slug":"solfilm","status":"publish","type":"page","link":"https:\/\/www.solfilm.se\/dk\/produkter\/solfilm\/","title":{"rendered":"Solfilm"},"content":{"rendered":"<div class=\"wpb-content-wrapper\"><p>[vc_row][vc_column el_class=&#8221;product-slider&#8221; width=&#8221;1\/1&#8243;]<div class=\"flexslider wpb_content_element\"><ul class=\"slides\"><li><img decoding=\"async\" src=\"https:\/\/www.solfilm.se\/dk\/wp-content\/uploads\/2023\/11\/solskyddsfilm-1.jpg\" alt=\"\" \/><\/li><li><img decoding=\"async\" src=\"https:\/\/www.solfilm.se\/dk\/wp-content\/uploads\/2023\/11\/solskyddsfilm-2.jpg\" alt=\"\" \/><\/li><li><img decoding=\"async\" src=\"https:\/\/www.solfilm.se\/dk\/wp-content\/uploads\/2023\/11\/solskyddsfilm-3.jpg\" alt=\"\" \/><\/li><li><img decoding=\"async\" src=\"https:\/\/www.solfilm.se\/dk\/wp-content\/uploads\/2023\/11\/solskyddsfilm-4.jpg\" alt=\"\" \/><\/li><li><img decoding=\"async\" src=\"https:\/\/www.solfilm.se\/dk\/wp-content\/uploads\/2023\/11\/solskyddsfilm-5.jpg\" alt=\"\" \/><\/li><li><img decoding=\"async\" src=\"https:\/\/www.solfilm.se\/dk\/wp-content\/uploads\/2023\/11\/solskyddsfilm-6.jpg\" alt=\"\" \/><\/li><li><img decoding=\"async\" src=\"https:\/\/www.solfilm.se\/dk\/wp-content\/uploads\/2023\/11\/solskyddsfilm-7.jpg\" alt=\"\" \/><\/li><li><img decoding=\"async\" src=\"https:\/\/www.solfilm.se\/dk\/wp-content\/uploads\/2023\/11\/solskyddsfilm-8.jpg\" alt=\"\" \/><\/li><\/ul><\/div>[vc_column_text]<\/p>\n<h1>Solfilm<\/h1>\n<p>Solfilm er ideel til montering p\u00e5 alle typer ejendomme og vinduer, hvor man \u00f8nsker at bevare det naturlige sollys og samtidig reducere varmeudstr\u00e5lingen. Vi hj\u00e6lper dig med alt fra mindre montage til store komplekse projekter. Fra sm\u00e5 etageejendomme og villaer til store arenaer og indk\u00f8bscentre. Uanset om det drejer sig om kontorejendomme, almene ejendomme eller private boliger, hj\u00e6lper vi dig med at finde den bedste l\u00f8sning.<\/p>\n<p><strong>Lavere energiomkostninger<\/strong><br \/>\nSolfilm reducerer varmestr\u00e5lingen med op til 90%, hvilket medf\u00f8rer, at temperaturen s\u00e6nkes, og omkostningerne til nedk\u00f8ling af lokalerne er v\u00e6sentligt lavere i de varme sommerm\u00e5neder. Solfilmen reducerer desuden UV-str\u00e5lingen med op til 99,5%, hvilket er en af \u200b\u200bde st\u00f8rste \u00e5rsager til falmning af blandt andet m\u00f8bler, t\u00e6pper og kunst. Som mange tror, \u200b\u200ber det ikke kun UV-lys, der falmer, men ogs\u00e5 varme og synligt lys.[\/vc_column_text][\/vc_column][\/vc_row][vc_row top_padding=&#8221;20&#8243; bottom_padding=&#8221;20&#8243;][vc_column width=&#8221;1\/2&#8243;][vc_round_chart style=&#8221;custom&#8221; stroke_width=&#8221;2&#8243; legend_position=&#8221;right&#8221; tooltips=&#8221;&#8221; values=&#8221;%5B%7B%22title%22%3A%22UV-str%C3%A5ling%2040%25%22%2C%22value%22%3A%2240%22%2C%22color%22%3A%22blue%22%2C%22custom_color%22%3A%22%23ffce00%22%7D%2C%7B%22title%22%3A%22Solvarme%2025%25%22%2C%22value%22%3A%2225%22%2C%22color%22%3A%22pink%22%2C%22custom_color%22%3A%22%23ffda52%22%7D%2C%7B%22title%22%3A%22Synligt%20lys%2025%25%22%2C%22value%22%3A%2225%22%2C%22color%22%3A%22pink%22%2C%22custom_color%22%3A%22%23ffe796%22%7D%2C%7B%22title%22%3A%22Diverse%2010%25%22%2C%22value%22%3A%2210%22%2C%22color%22%3A%22pink%22%2C%22custom_color%22%3A%22%23fff3ce%22%7D%5D&#8221; el_class=&#8221;vc_round-chart-canvas-nohover&#8221; title=&#8221;\u00c5rsag til falmning&#8221;][\/vc_column][vc_column width=&#8221;1\/2&#8243;][\/vc_column][\/vc_row][vc_row][vc_column el_class=&#8221;product-slider&#8221; width=&#8221;1\/1&#8243;][vc_column_text]<strong>P\u00e6nere facade<\/strong><br \/>\nSolfilmen fremh\u00e6ver ejendommens udseende og giver en fremragende beskyttelse af privatlivet, men har stadig en stor m\u00e6ngde lys. Du f\u00e5r et mere afsondret milj\u00f8, samtidig med at du beskytter dig mod uautoriseret adgang. Solfilm p\u00e5 vinduer er en fast afsk\u00e6rmning, der er optisk klar og monteres p\u00e5 glas. Fordelen ved solfilm er, at man ikke skal l\u00f8fte den op og ned, og at den ikke g\u00e5r i stykker, n\u00e5r det bl\u00e6ser, som f.eks. markiser, persienner mm.<\/p>\n<p>Solfilmene findes i mange forskellige typer med varierende egenskaber alt efter hvilke behov du har. Med den h\u00f8jeste kvalitet, professionelle installat\u00f8rer og god service er vi virksomheden med de mest tilfredse kunder.<\/p>\n<p>Vi giver garanti p\u00e5 alle vores produkter og montage.<br \/>\n<a href=\"https:\/\/www.solfilm.se\/dk\/produkter\/solfilm\/for-og-efter-montering\/\">Solfilm f\u00f8r og efter montering<\/a>[\/vc_column_text][\/vc_column][\/vc_row][vc_row text_align=&#8221;center&#8221; top_padding=&#8221;30&#8243; bottom_padding=&#8221;40&#8243;][vc_column width=&#8221;1\/1&#8243;]<a href=\"https:\/\/www.solfilm.se\/dk\/kontakt\/tilbudsanmodning-solfilm\/\" target=\"_self\" class=\"button color-1 medium \" style=\"border-radius: 60px;\">Tilbudsanmodning<\/a>[\/vc_column][\/vc_row][vc_row][vc_column width=&#8221;1\/1&#8243;]<div class=\"boxedholder   clearfix\" style=\"padding: 10px 0px 7px 18px; margin: 0px 0px 3px 0px; background-color: #f0f0f0; \">[vc_column_text el_class=&#8221;tech-title&#8221;]<\/p>\n<div class=\"tech-title\">Teknisk information<\/div>\n<p>[\/vc_column_text]<\/div>[\/vc_column][\/vc_row][vc_row class=&#8221;tech-content&#8221; row_id=&#8221;tech-data&#8221;][vc_column width=&#8221;1\/1&#8243;][vc_column_text]<i class=\"fa fa-file-pdf-o\"><\/i> <a href=\"https:\/\/www.solfilm.se\/download\/solskyddsfilm\/3m-prestige-sun-control-films.pdf\" target=\"_blank\" rel=\"noopener\">Brochure 3M Prestige solfilm<\/a><br \/>\n<i class=\"fa fa-file-pdf-o\"><\/i> <a href=\"https:\/\/www.solfilm.se\/download\/solskyddsfilm\/informationsblad-solskyddsfilm.pdf\" target=\"_blank\" rel=\"noopener\">Informationsblad solfilm<\/a><br \/>\n<i class=\"fa fa-file-pdf-o\"><\/i> <a href=\"https:\/\/www.solfilm.se\/download\/solskyddsfilm\/kvalitetsstandard-for-applicerad-film.pdf\" target=\"_blank\" rel=\"noopener\">Kvalitetsstandard for p\u00e5f\u00f8rt film<\/a><br \/>\n<i class=\"fa fa-file-pdf-o\"><\/i> <a href=\"https:\/\/www.solfilm.se\/download\/solskyddsfilm\/skotselrad-och-garanti-for-applicerad-film.pdf\" target=\"_blank\" rel=\"noopener\">Plejer\u00e5d og garanti for p\u00e5f\u00f8rt film<\/a><br \/>\n<i class=\"fa fa-file-pdf-o\"><\/i> <a href=\"https:\/\/www.solfilm.se\/download\/solskyddsfilm\/specifikation-utvandiga-solskyddsfilmer.pdf\" target=\"_blank\" rel=\"noopener\">Specifikation udvendig film<\/a><br \/>\n<i class=\"fa fa-file-pdf-o\"><\/i> <a href=\"https:\/\/www.solfilm.se\/download\/solskyddsfilm\/specifikation-invandiga-solskyddsfilmer.pdf\" target=\"_blank\" rel=\"noopener\">Specifikation indvendig film<\/a>[\/vc_column_text][\/vc_column][\/vc_row][vc_row top_padding=&#8221;3&#8243;][vc_column width=&#8221;1\/1&#8243;]<div class=\"boxedholder   clearfix\" style=\"padding: 10px 0px 7px 18px; margin: 0px 0px 3px 0px; background-color: #f0f0f0; \">[vc_column_text]<\/p>\n<div class=\"tech-title\">Udvendig solfilm<\/div>\n<p>[\/vc_column_text]<\/div>[\/vc_column][\/vc_row][vc_row class=&#8221;tech-content&#8221; row_id=&#8221;tech-data&#8221;][vc_column el_class=&#8221;tech-col-1&#8243; width=&#8221;1\/3&#8243;][vc_column_text]<i class=\"fa fa-file-pdf-o\"><\/i> <a href=\"https:\/\/www.solfilm.se\/download\/solskyddsfilm\/3m-prestige-40-ext.pdf\" target=\"_blank\" rel=\"noopener\">3M Prestige 40 EXT<\/a><br \/>\n<i class=\"fa fa-file-pdf-o\"><\/i> <a href=\"https:\/\/www.solfilm.se\/download\/solskyddsfilm\/3m-prestige-70-ext.pdf\" target=\"_blank\" rel=\"noopener\">3M Prestige 70 EXT<\/a><br \/>\n<i class=\"fa fa-file-pdf-o\"><\/i> <a href=\"https:\/\/www.solfilm.se\/download\/solskyddsfilm\/bronze-10-ext.pdf\" target=\"_blank\" rel=\"noopener\">Bronze 10 EXT<\/a><br \/>\n<i class=\"fa fa-file-pdf-o\"><\/i> <a href=\"https:\/\/www.solfilm.se\/download\/solskyddsfilm\/chrome-245-xc.pdf\" target=\"_blank\" rel=\"noopener\">Chrome 245 XC<\/a><br \/>\n<i class=\"fa fa-file-pdf-o\"><\/i> <a href=\"https:\/\/www.solfilm.se\/download\/solskyddsfilm\/chrome-270-xc.pdf\" target=\"_blank\" rel=\"noopener\">Chrome 270 XC<\/a><br \/>\n<i class=\"fa fa-file-pdf-o\"><\/i> <a href=\"https:\/\/www.solfilm.se\/download\/solskyddsfilm\/chrome-285-xc.pdf\" target=\"_blank\" rel=\"noopener\">Chrome 285 XC<\/a><br \/>\n<i class=\"fa fa-file-pdf-o\"><\/i> <a href=\"https:\/\/www.solfilm.se\/download\/solskyddsfilm\/clarity-15-ext.pdf\" target=\"_blank\" rel=\"noopener\">Clarity 15 EXT<\/a><br \/>\n<i class=\"fa fa-file-pdf-o\"><\/i> <a href=\"https:\/\/www.solfilm.se\/download\/solskyddsfilm\/clarity-30-ext.pdf\" target=\"_blank\" rel=\"noopener\">Clarity 30 EXT<\/a><br \/>\n<i class=\"fa fa-file-pdf-o\"><\/i> <a href=\"https:\/\/www.solfilm.se\/download\/solskyddsfilm\/clarity-60-ext.pdf\" target=\"_blank\" rel=\"noopener\">Clarity 60 EXT<\/a>[\/vc_column_text][\/vc_column][vc_column el_class=&#8221;tech-col-2&#8243; width=&#8221;1\/3&#8243;][vc_column_text]<i class=\"fa fa-file-pdf-o\"><\/i> <a href=\"https:\/\/www.solfilm.se\/download\/solskyddsfilm\/clarity-p15-ext.pdf\" target=\"_blank\" rel=\"noopener\">Clarity P15 EXT<\/a><br \/>\n<i class=\"fa fa-file-pdf-o\"><\/i> <a href=\"https:\/\/www.solfilm.se\/download\/solskyddsfilm\/clarity-p30-ext.pdf\" target=\"_blank\" rel=\"noopener\">Clarity P30 EXT<\/a><br \/>\n<i class=\"fa fa-file-pdf-o\"><\/i> <a href=\"https:\/\/www.solfilm.se\/download\/solskyddsfilm\/clarity-p55-ext.pdf\" target=\"_blank\" rel=\"noopener\">Clarity P55 EXT<\/a><br \/>\n<i class=\"fa fa-file-pdf-o\"><\/i> <a href=\"https:\/\/www.solfilm.se\/download\/solskyddsfilm\/clarity-s15-ext.pdf\" target=\"_blank\" rel=\"noopener\">Clarity S15 EXT<\/a><br \/>\n<i class=\"fa fa-file-pdf-o\"><\/i> <a href=\"https:\/\/www.solfilm.se\/download\/solskyddsfilm\/clarity-s40-ext.pdf\" target=\"_blank\" rel=\"noopener\">Clarity S40 EXT<\/a><br \/>\n<i class=\"fa fa-file-pdf-o\"><\/i> <a href=\"https:\/\/www.solfilm.se\/download\/solskyddsfilm\/clarity-s50-ext.pdf\" target=\"_blank\" rel=\"noopener\">Clarity S50 EXT<\/a><br \/>\n<i class=\"fa fa-file-pdf-o\"><\/i> <a href=\"https:\/\/www.solfilm.se\/download\/solskyddsfilm\/copper-20-ext.pdf\" target=\"_blank\" rel=\"noopener\">Copper 20 EXT<\/a><br \/>\n<i class=\"fa fa-file-pdf-o\"><\/i> <a href=\"https:\/\/www.solfilm.se\/download\/solskyddsfilm\/llumar-rhe-35.pdf\" target=\"_blank\" rel=\"noopener\">LLumar RHE 35<\/a><br \/>\n<i class=\"fa fa-file-pdf-o\"><\/i> <a href=\"https:\/\/www.solfilm.se\/download\/solskyddsfilm\/master-15-ext.pdf\" target=\"_blank\" rel=\"noopener\">Master 15 EXT<\/a>[\/vc_column_text][\/vc_column][vc_column el_class=&#8221;tech-col-3&#8243; width=&#8221;1\/3&#8243;][vc_column_text]<i class=\"fa fa-file-pdf-o\"><\/i> <a href=\"https:\/\/www.solfilm.se\/download\/solskyddsfilm\/nickel-20-ext.pdf\" target=\"_blank\" rel=\"noopener\">Nickel 20 EXT<\/a><br \/>\n<i class=\"fa fa-file-pdf-o\"><\/i> <a href=\"https:\/\/www.solfilm.se\/download\/solskyddsfilm\/prisma-70-ext.pdf\" target=\"_blank\" rel=\"noopener\">Prisma 70 EXT<\/a><br \/>\n<i class=\"fa fa-file-pdf-o\"><\/i> <a href=\"https:\/\/www.solfilm.se\/download\/solskyddsfilm\/prisma-75-ext.pdf\" target=\"_blank\" rel=\"noopener\">Prisma 75 EXT<\/a><br \/>\n<i class=\"fa fa-file-pdf-o\"><\/i> <a href=\"https:\/\/www.solfilm.se\/download\/solskyddsfilm\/secret-01-ext.pdf\" target=\"_blank\" rel=\"noopener\">Secret 01 EXT<\/a><br \/>\n<i class=\"fa fa-file-pdf-o\"><\/i> <a href=\"https:\/\/www.solfilm.se\/download\/solskyddsfilm\/secret-10-ext.pdf\" target=\"_blank\" rel=\"noopener\">Secret 10 EXT<\/a><br \/>\n<i class=\"fa fa-file-pdf-o\"><\/i> <a href=\"https:\/\/www.solfilm.se\/download\/solskyddsfilm\/sky-black-01-ext.pdf\" target=\"_blank\" rel=\"noopener\">Sky Black 01 EXT<\/a><br \/>\n<i class=\"fa fa-file-pdf-o\"><\/i> <a href=\"https:\/\/www.solfilm.se\/download\/solskyddsfilm\/spectra-333-xc.pdf\" target=\"_blank\" rel=\"noopener\">Spectra 333 XC<\/a><br \/>\n<i class=\"fa fa-file-pdf-o\"><\/i> <a href=\"https:\/\/www.solfilm.se\/download\/solskyddsfilm\/titane-20-ext.pdf\" target=\"_blank\" rel=\"noopener\">Titane 20 EXT<\/a><br \/>\n<i class=\"fa fa-file-pdf-o\"><\/i> <a href=\"https:\/\/www.solfilm.se\/download\/solskyddsfilm\/titane-50-ext.pdf\" target=\"_blank\" rel=\"noopener\">Titane 50 EXT<\/a>[\/vc_column_text][\/vc_column][\/vc_row][vc_row top_padding=&#8221;3&#8243;][vc_column width=&#8221;1\/1&#8243;]<div class=\"boxedholder   clearfix\" style=\"padding: 10px 0px 7px 18px; margin: 0px 0px 3px 0px; background-color: #f0f0f0; \">[vc_column_text]<\/p>\n<div class=\"tech-title\">Indvendig solfilm<\/div>\n<p>[\/vc_column_text]<\/div>[\/vc_column][\/vc_row][vc_row class=&#8221;tech-content&#8221; row_id=&#8221;tech-data&#8221;][vc_column el_class=&#8221;tech-col-1&#8243; width=&#8221;1\/3&#8243;][vc_column_text]<i class=\"fa fa-file-pdf-o\"><\/i> <a href=\"https:\/\/www.solfilm.se\/download\/solskyddsfilm\/3m-prestige-40-int.pdf\" target=\"_blank\" rel=\"noopener\">3M Prestige 40 INT<\/a><br \/>\n<i class=\"fa fa-file-pdf-o\"><\/i> <a href=\"https:\/\/www.solfilm.se\/download\/solskyddsfilm\/3m-prestige-70-int.pdf\" target=\"_blank\" rel=\"noopener\">3M Prestige 70 INT<\/a><br \/>\n<i class=\"fa fa-file-pdf-o\"><\/i> <a href=\"https:\/\/www.solfilm.se\/download\/solskyddsfilm\/blue-10-int.pdf\" target=\"_blank\" rel=\"noopener\">Blue 10 INT<\/a><br \/>\n<i class=\"fa fa-file-pdf-o\"><\/i> <a href=\"https:\/\/www.solfilm.se\/download\/solskyddsfilm\/bronze-10-int.pdf\" target=\"_blank\" rel=\"noopener\">Bronze 10 INT<\/a><br \/>\n<i class=\"fa fa-file-pdf-o\"><\/i> <a href=\"https:\/\/www.solfilm.se\/download\/solskyddsfilm\/clear-1-uv-int.pdf\" target=\"_blank\" rel=\"noopener\">Clear 1 UV INT<\/a><br \/>\n<i class=\"fa fa-file-pdf-o\"><\/i> <a href=\"https:\/\/www.solfilm.se\/download\/solskyddsfilm\/copper-20-int.pdf\" target=\"_blank\" rel=\"noopener\">Copper 20 INT<\/a><br \/>\n<i class=\"fa fa-file-pdf-o\"><\/i> <a href=\"https:\/\/www.solfilm.se\/download\/solskyddsfilm\/copper-35-int.pdf\" target=\"_blank\" rel=\"noopener\">Copper 35 INT<\/a><br \/>\n<i class=\"fa fa-file-pdf-o\"><\/i> <a href=\"https:\/\/www.solfilm.se\/download\/solskyddsfilm\/copper-50-int.pdf\" target=\"_blank\" rel=\"noopener\">Copper 50 INT<\/a>[\/vc_column_text][\/vc_column][vc_column el_class=&#8221;tech-col-2&#8243; width=&#8221;1\/3&#8243;][vc_column_text]<i class=\"fa fa-file-pdf-o\"><\/i> <a href=\"https:\/\/www.solfilm.se\/download\/solskyddsfilm\/gold-15-int.pdf\" target=\"_blank\" rel=\"noopener\">Gold 15 INT<\/a><br \/>\n<i class=\"fa fa-file-pdf-o\"><\/i> <a href=\"https:\/\/www.solfilm.se\/download\/solskyddsfilm\/green-15-int.pdf\" target=\"_blank\" rel=\"noopener\">Green 15 INT<\/a><br \/>\n<i class=\"fa fa-file-pdf-o\"><\/i> <a href=\"https:\/\/www.solfilm.se\/download\/solskyddsfilm\/multiglass-50-int.pdf\" target=\"_blank\" rel=\"noopener\">Multiglass 50 INT<\/a><br \/>\n<i class=\"fa fa-file-pdf-o\"><\/i> <a href=\"https:\/\/www.solfilm.se\/download\/solskyddsfilm\/neutral-40-uv-int.pdf\" target=\"_blank\" rel=\"noopener\">Neutral 40 UV INT<\/a><br \/>\n<i class=\"fa fa-file-pdf-o\"><\/i> <a href=\"https:\/\/www.solfilm.se\/download\/solskyddsfilm\/prisma-65-int.pdf\" target=\"_blank\" rel=\"noopener\">Prisma 65 INT<\/a><br \/>\n<i class=\"fa fa-file-pdf-o\"><\/i> <a href=\"https:\/\/www.solfilm.se\/download\/solskyddsfilm\/prisma-70-int.pdf\" target=\"_blank\" rel=\"noopener\">Prisma 70 INT<\/a><br \/>\n<i class=\"fa fa-file-pdf-o\"><\/i> <a href=\"https:\/\/www.solfilm.se\/download\/solskyddsfilm\/secret-10-int.pdf\" target=\"_blank\" rel=\"noopener\">Secret 10 INT<\/a><br \/>\n<i class=\"fa fa-file-pdf-o\"><\/i> <a href=\"https:\/\/www.solfilm.se\/download\/solskyddsfilm\/secret-20-int.pdf\" target=\"_blank\" rel=\"noopener\">Secret 20 INT<\/a>[\/vc_column_text][\/vc_column][vc_column el_class=&#8221;tech-col-3&#8243; width=&#8221;1\/3&#8243;][vc_column_text]<i class=\"fa fa-file-pdf-o\"><\/i> <a href=\"https:\/\/www.solfilm.se\/download\/solskyddsfilm\/silver-01-int.pdf\" target=\"_blank\" rel=\"noopener\">Silver 01 INT<\/a><br \/>\n<i class=\"fa fa-file-pdf-o\"><\/i> <a href=\"https:\/\/www.solfilm.se\/download\/solskyddsfilm\/silver-05-int.pdf\" target=\"_blank\" rel=\"noopener\">Silver 05 INT<\/a><br \/>\n<i class=\"fa fa-file-pdf-o\"><\/i> <a href=\"https:\/\/www.solfilm.se\/download\/solskyddsfilm\/silver-25-int.pdf\" target=\"_blank\" rel=\"noopener\">Silver 25 INT<\/a><br \/>\n<i class=\"fa fa-file-pdf-o\"><\/i> <a href=\"https:\/\/www.solfilm.se\/download\/solskyddsfilm\/silver-45-int.pdf\" target=\"_blank\" rel=\"noopener\">Silver 45 INT<\/a><br \/>\n<i class=\"fa fa-file-pdf-o\"><\/i> <a href=\"https:\/\/www.solfilm.se\/download\/solskyddsfilm\/silver-60-int.pdf\" target=\"_blank\" rel=\"noopener\">Silver 60 INT<\/a><br \/>\n<i class=\"fa fa-file-pdf-o\"><\/i> <a href=\"https:\/\/www.solfilm.se\/download\/solskyddsfilm\/steel-30-int.pdf\" target=\"_blank\" rel=\"noopener\">Steel 30 INT<\/a><br \/>\n<i class=\"fa fa-file-pdf-o\"><\/i> <a href=\"https:\/\/www.solfilm.se\/download\/solskyddsfilm\/steel-45-int.pdf\" target=\"_blank\" rel=\"noopener\">Steel 45 INT<\/a><br \/>\n<i class=\"fa fa-file-pdf-o\"><\/i> <a href=\"https:\/\/www.solfilm.se\/download\/solskyddsfilm\/steel-50-int.pdf\" target=\"_blank\" rel=\"noopener\">Steel 50 INT<\/a>[\/vc_column_text][\/vc_column][\/vc_row]<\/p>\n<\/div>","protected":false},"excerpt":{"rendered":"<p>Solfilm er ideel til montering p\u00e5 alle typer ejendomme, hvor man \u00f8nsker at bevare det naturlige sollys, men samtidig reducere varmeudstr\u00e5ling og falmning p\u00e5 grund af UV-lys.<\/p>\n","protected":false},"author":1,"featured_media":0,"parent":66,"menu_order":0,"comment_status":"closed","ping_status":"closed","template":"","meta":{"footnotes":"","_links_to":"","_links_to_target":""},"class_list":["post-5302","page","type-page","status-publish","hentry"],"yoast_head":"<!-- This site is optimized with the Yoast SEO plugin v27.4 - https:\/\/yoast.com\/product\/yoast-seo-wordpress\/ -->\n<title>Solfilm - Solfilmsmont\u00f6ren<\/title>\n<meta name=\"robots\" content=\"noindex, follow, max-snippet:-1, max-image-preview:large, max-video-preview:-1\" \/>\n<meta property=\"og:locale\" content=\"da_DK\" \/>\n<meta property=\"og:type\" content=\"article\" \/>\n<meta property=\"og:title\" content=\"Solfilm - Solfilmsmont\u00f6ren\" \/>\n<meta property=\"og:description\" content=\"Solfilm er ideel til montering p\u00e5 alle typer ejendomme, hvor man \u00f8nsker at bevare det naturlige sollys, men samtidig reducere varmeudstr\u00e5ling og falmning p\u00e5 grund af UV-lys.\" \/>\n<meta property=\"og:url\" content=\"https:\/\/www.solfilm.se\/dk\/produkter\/solfilm\/\" \/>\n<meta property=\"og:site_name\" content=\"Solfilmsmont\u00f6ren\" \/>\n<meta property=\"article:publisher\" content=\"https:\/\/www.facebook.com\/solfilmsmontoren\" \/>\n<meta property=\"article:modified_time\" content=\"2025-12-04T14:55:34+00:00\" \/>\n<meta name=\"twitter:label1\" content=\"Estimeret l\u00e6setid\" \/>\n\t<meta name=\"twitter:data1\" content=\"5 minutter\" \/>\n<script type=\"application\/ld+json\" class=\"yoast-schema-graph\">{\"@context\":\"https:\\\/\\\/schema.org\",\"@graph\":[{\"@type\":\"WebPage\",\"@id\":\"https:\\\/\\\/www.solfilm.se\\\/dk\\\/produkter\\\/solfilm\\\/\",\"url\":\"https:\\\/\\\/www.solfilm.se\\\/dk\\\/produkter\\\/solfilm\\\/\",\"name\":\"Solfilm - Solfilmsmont\u00f6ren\",\"isPartOf\":{\"@id\":\"https:\\\/\\\/www.solfilm.se\\\/dk\\\/#website\"},\"datePublished\":\"2021-01-21T17:31:04+00:00\",\"dateModified\":\"2025-12-04T14:55:34+00:00\",\"breadcrumb\":{\"@id\":\"https:\\\/\\\/www.solfilm.se\\\/dk\\\/produkter\\\/solfilm\\\/#breadcrumb\"},\"inLanguage\":\"da-DK\",\"potentialAction\":[{\"@type\":\"ReadAction\",\"target\":[\"https:\\\/\\\/www.solfilm.se\\\/dk\\\/produkter\\\/solfilm\\\/\"]}]},{\"@type\":\"BreadcrumbList\",\"@id\":\"https:\\\/\\\/www.solfilm.se\\\/dk\\\/produkter\\\/solfilm\\\/#breadcrumb\",\"itemListElement\":[{\"@type\":\"ListItem\",\"position\":1,\"name\":\"Hem\",\"item\":\"https:\\\/\\\/www.solfilm.se\\\/dk\\\/\"},{\"@type\":\"ListItem\",\"position\":2,\"name\":\"Produkter\",\"item\":\"https:\\\/\\\/www.solfilm.se\\\/dk\\\/produkter\\\/\"},{\"@type\":\"ListItem\",\"position\":3,\"name\":\"Solfilm\"}]},{\"@type\":\"WebSite\",\"@id\":\"https:\\\/\\\/www.solfilm.se\\\/dk\\\/#website\",\"url\":\"https:\\\/\\\/www.solfilm.se\\\/dk\\\/\",\"name\":\"Solfilmsmont\u00f6ren\",\"description\":\"\",\"publisher\":{\"@id\":\"https:\\\/\\\/www.solfilm.se\\\/dk\\\/#organization\"},\"potentialAction\":[{\"@type\":\"SearchAction\",\"target\":{\"@type\":\"EntryPoint\",\"urlTemplate\":\"https:\\\/\\\/www.solfilm.se\\\/dk\\\/?s={search_term_string}\"},\"query-input\":{\"@type\":\"PropertyValueSpecification\",\"valueRequired\":true,\"valueName\":\"search_term_string\"}}],\"inLanguage\":\"da-DK\"},{\"@type\":\"Organization\",\"@id\":\"https:\\\/\\\/www.solfilm.se\\\/dk\\\/#organization\",\"name\":\"Solfilmsmont\u00f6ren Sverige AB\",\"url\":\"https:\\\/\\\/www.solfilm.se\\\/dk\\\/\",\"logo\":{\"@type\":\"ImageObject\",\"inLanguage\":\"da-DK\",\"@id\":\"https:\\\/\\\/www.solfilm.se\\\/dk\\\/#\\\/schema\\\/logo\\\/image\\\/\",\"url\":\"\",\"contentUrl\":\"\",\"caption\":\"Solfilmsmont\u00f6ren Sverige AB\"},\"image\":{\"@id\":\"https:\\\/\\\/www.solfilm.se\\\/dk\\\/#\\\/schema\\\/logo\\\/image\\\/\"},\"sameAs\":[\"https:\\\/\\\/www.facebook.com\\\/solfilmsmontoren\",\"https:\\\/\\\/www.instagram.com\\\/solfilmsmontoren\",\"https:\\\/\\\/se.linkedin.com\\\/company\\\/solfilmsmont\u00f6ren\"]}]}<\/script>\n<!-- \/ Yoast SEO plugin. -->","yoast_head_json":{"title":"Solfilm - Solfilmsmont\u00f6ren","robots":{"index":"noindex","follow":"follow","max-snippet":"max-snippet:-1","max-image-preview":"max-image-preview:large","max-video-preview":"max-video-preview:-1"},"og_locale":"da_DK","og_type":"article","og_title":"Solfilm - Solfilmsmont\u00f6ren","og_description":"Solfilm er ideel til montering p\u00e5 alle typer ejendomme, hvor man \u00f8nsker at bevare det naturlige sollys, men samtidig reducere varmeudstr\u00e5ling og falmning p\u00e5 grund af UV-lys.","og_url":"https:\/\/www.solfilm.se\/dk\/produkter\/solfilm\/","og_site_name":"Solfilmsmont\u00f6ren","article_publisher":"https:\/\/www.facebook.com\/solfilmsmontoren","article_modified_time":"2025-12-04T14:55:34+00:00","twitter_misc":{"Estimeret l\u00e6setid":"5 minutter"},"schema":{"@context":"https:\/\/schema.org","@graph":[{"@type":"WebPage","@id":"https:\/\/www.solfilm.se\/dk\/produkter\/solfilm\/","url":"https:\/\/www.solfilm.se\/dk\/produkter\/solfilm\/","name":"Solfilm - Solfilmsmont\u00f6ren","isPartOf":{"@id":"https:\/\/www.solfilm.se\/dk\/#website"},"datePublished":"2021-01-21T17:31:04+00:00","dateModified":"2025-12-04T14:55:34+00:00","breadcrumb":{"@id":"https:\/\/www.solfilm.se\/dk\/produkter\/solfilm\/#breadcrumb"},"inLanguage":"da-DK","potentialAction":[{"@type":"ReadAction","target":["https:\/\/www.solfilm.se\/dk\/produkter\/solfilm\/"]}]},{"@type":"BreadcrumbList","@id":"https:\/\/www.solfilm.se\/dk\/produkter\/solfilm\/#breadcrumb","itemListElement":[{"@type":"ListItem","position":1,"name":"Hem","item":"https:\/\/www.solfilm.se\/dk\/"},{"@type":"ListItem","position":2,"name":"Produkter","item":"https:\/\/www.solfilm.se\/dk\/produkter\/"},{"@type":"ListItem","position":3,"name":"Solfilm"}]},{"@type":"WebSite","@id":"https:\/\/www.solfilm.se\/dk\/#website","url":"https:\/\/www.solfilm.se\/dk\/","name":"Solfilmsmont\u00f6ren","description":"","publisher":{"@id":"https:\/\/www.solfilm.se\/dk\/#organization"},"potentialAction":[{"@type":"SearchAction","target":{"@type":"EntryPoint","urlTemplate":"https:\/\/www.solfilm.se\/dk\/?s={search_term_string}"},"query-input":{"@type":"PropertyValueSpecification","valueRequired":true,"valueName":"search_term_string"}}],"inLanguage":"da-DK"},{"@type":"Organization","@id":"https:\/\/www.solfilm.se\/dk\/#organization","name":"Solfilmsmont\u00f6ren Sverige AB","url":"https:\/\/www.solfilm.se\/dk\/","logo":{"@type":"ImageObject","inLanguage":"da-DK","@id":"https:\/\/www.solfilm.se\/dk\/#\/schema\/logo\/image\/","url":"","contentUrl":"","caption":"Solfilmsmont\u00f6ren Sverige AB"},"image":{"@id":"https:\/\/www.solfilm.se\/dk\/#\/schema\/logo\/image\/"},"sameAs":["https:\/\/www.facebook.com\/solfilmsmontoren","https:\/\/www.instagram.com\/solfilmsmontoren","https:\/\/se.linkedin.com\/company\/solfilmsmont\u00f6ren"]}]}},"_links":{"self":[{"href":"https:\/\/www.solfilm.se\/dk\/wp-json\/wp\/v2\/pages\/5302","targetHints":{"allow":["GET"]}}],"collection":[{"href":"https:\/\/www.solfilm.se\/dk\/wp-json\/wp\/v2\/pages"}],"about":[{"href":"https:\/\/www.solfilm.se\/dk\/wp-json\/wp\/v2\/types\/page"}],"author":[{"embeddable":true,"href":"https:\/\/www.solfilm.se\/dk\/wp-json\/wp\/v2\/users\/1"}],"replies":[{"embeddable":true,"href":"https:\/\/www.solfilm.se\/dk\/wp-json\/wp\/v2\/comments?post=5302"}],"version-history":[{"count":5,"href":"https:\/\/www.solfilm.se\/dk\/wp-json\/wp\/v2\/pages\/5302\/revisions"}],"predecessor-version":[{"id":11028,"href":"https:\/\/www.solfilm.se\/dk\/wp-json\/wp\/v2\/pages\/5302\/revisions\/11028"}],"up":[{"embeddable":true,"href":"https:\/\/www.solfilm.se\/dk\/wp-json\/wp\/v2\/pages\/66"}],"wp:attachment":[{"href":"https:\/\/www.solfilm.se\/dk\/wp-json\/wp\/v2\/media?parent=5302"}],"curies":[{"name":"wp","href":"https:\/\/api.w.org\/{rel}","templated":true}]}}