{"id":5067,"date":"2021-01-11T14:52:30","date_gmt":"2021-01-11T13:52:30","guid":{"rendered":"https:\/\/www.solfilm.se\/dk\/?page_id=5067"},"modified":"2025-12-05T16:19:02","modified_gmt":"2025-12-05T15:19:02","slug":"tilbudsanmodning-dekorativ-film","status":"publish","type":"page","link":"https:\/\/www.solfilm.se\/dk\/kontakt\/tilbudsanmodning-dekorativ-film\/","title":{"rendered":"Tilbudsanmodning dekorativ film"},"content":{"rendered":"<div class=\"wpb-content-wrapper\"><p>[vc_row top_padding=&#8221;40&#8243;][vc_column width=&#8221;1\/1&#8243;][vc_column_text]<\/p>\n<h1>Kontakt os<\/h1>\n<p>Kontakt os for et gratis tilbud p\u00e5 dekorationsfilm.<br \/>\nIndtast dine \u00f8nsker og vi vender tilbage med et tilbud indenfor 24 timer.[\/vc_column_text][\/vc_column][\/vc_row][vc_row top_padding=&#8221;30&#8243; bottom_padding=&#8221;60&#8243;][vc_column el_class=&#8221;toggle-start&#8221; width=&#8221;2\/3&#8243;][vc_column_text]<\/p>\n<h2 style=\"margin-bottom: -10px;\">Tilbudsanmodning<\/h2>\n<p>[\/vc_column_text]<div class=\"boxedholder   clearfix\" style=\"padding: 0px 20px 20px 20px; margin: 0px 0px 0px 0px; background-color: #f7f7f7; border-radius: 3px; \">\n<div class=\"wpcf7 no-js\" id=\"wpcf7-f5072-o1\" lang=\"sv-SE\" dir=\"ltr\" data-wpcf7-id=\"5072\">\n<div class=\"screen-reader-response\"><p role=\"status\" aria-live=\"polite\" aria-atomic=\"true\"><\/p> <ul><\/ul><\/div>\n<form action=\"\/dk\/wp-json\/wp\/v2\/pages\/5067#wpcf7-f5072-o1\" method=\"post\" class=\"wpcf7-form init\" aria-label=\"Kontaktformul\u00e4r\" novalidate=\"novalidate\" data-status=\"init\">\n<fieldset class=\"hidden-fields-container\"><input type=\"hidden\" name=\"_wpcf7\" value=\"5072\" \/><input type=\"hidden\" name=\"_wpcf7_version\" value=\"6.1.5\" \/><input type=\"hidden\" name=\"_wpcf7_locale\" value=\"sv_SE\" \/><input type=\"hidden\" name=\"_wpcf7_unit_tag\" value=\"wpcf7-f5072-o1\" \/><input type=\"hidden\" name=\"_wpcf7_container_post\" value=\"0\" \/><input type=\"hidden\" name=\"_wpcf7_posted_data_hash\" value=\"\" \/><input type=\"hidden\" name=\"_wpcf7_recaptcha_response\" value=\"\" \/>\n<\/fieldset>\n<div>\n\t<p><strong>DEKORATIV FILM<\/strong>\n\t<\/p>\n<\/div>\n<div style=\"margin-top: -10px; margin-bottom: -10px;\">\n\t<p>Angiv, hvad du har brug for hj\u00e6lp til: *\n\t<\/p>\n<\/div>\n<p><span class=\"wpcf7-form-control-wrap\" data-name=\"checkbox-449\"><span class=\"wpcf7-form-control wpcf7-checkbox wpcf7-validates-as-required\"><span class=\"wpcf7-list-item first\"><input type=\"checkbox\" name=\"checkbox-449[]\" value=\"Beskyttelse af privatlivets fred\" \/><span class=\"wpcf7-list-item-label\">Beskyttelse af privatlivets fred<\/span><\/span><span class=\"wpcf7-list-item\"><input type=\"checkbox\" name=\"checkbox-449[]\" value=\"Kontrastm\u00e6rker\" \/><span class=\"wpcf7-list-item-label\">Kontrastm\u00e6rker<\/span><\/span><span class=\"wpcf7-list-item\"><input type=\"checkbox\" name=\"checkbox-449[]\" value=\"Dekorativ film\" \/><span class=\"wpcf7-list-item-label\">Dekorativ film<\/span><\/span><span class=\"wpcf7-list-item last\"><input type=\"checkbox\" name=\"checkbox-449[]\" value=\"Digitalprint\" \/><span class=\"wpcf7-list-item-label\">Digitalprint<\/span><\/span><\/span><\/span>\n<\/p>\n<div style=\"margin-top: -10px; margin-bottom: 10px;\">\n\t<p><label>Indtast antal vinduer og st\u00f8rrelse nedenfor (bredde x h\u00f8jde) mm: *<\/label>\n\t<\/p>\n<\/div>\n<p><span class=\"wpcf7-form-control-wrap\" data-name=\"your-message\"><textarea cols=\"40\" rows=\"10\" maxlength=\"2000\" class=\"wpcf7-form-control wpcf7-textarea wpcf7-validates-as-required\" aria-required=\"true\" aria-invalid=\"false\" name=\"your-message\"><\/textarea><\/span>\n<\/p>\n<p style=\"margin-bottom: -10px!important;\">Upload billeder (maks. 20 MB) <span class=\"tooltips\"><a href=\"#\" title=\"Filst\u00f8rrelse: Max 20 MB. Tilladte filer: jpg, jpeg, png, gif, pdf, zip, docx\" onclick=\"return false\"><i class=\"fa fa-question-circle\"><\/i><\/a><\/span>\n<\/p>\n<p><span class=\"wpcf7-form-control-wrap\" data-name=\"upload-file-703\"><input size=\"40\" class=\"wpcf7-form-control wpcf7-drag-n-drop-file d-none\" aria-invalid=\"false\" type=\"file\" multiple=\"multiple\" data-name=\"upload-file-703\" data-type=\"png|gif|jpg|jpeg|pdf|docx|zip\" data-limit=\"20971520\" data-id=\"5072\" data-version=\"free version 1.3.9.7\" accept=\".png, .gif, .jpg, .jpeg, .pdf, .docx, .zip\" \/><\/span>\n<\/p>\n<p><label> Navn: *<br \/>\n<span class=\"wpcf7-form-control-wrap\" data-name=\"your-name\"><input size=\"40\" maxlength=\"400\" class=\"wpcf7-form-control wpcf7-text wpcf7-validates-as-required\" aria-required=\"true\" aria-invalid=\"false\" value=\"\" type=\"text\" name=\"your-name\" \/><\/span> <\/label>\n<\/p>\n<p><label> Forretning:<br \/>\n<span class=\"wpcf7-form-control-wrap\" data-name=\"your-company\"><input size=\"40\" maxlength=\"400\" class=\"wpcf7-form-control wpcf7-text\" aria-invalid=\"false\" value=\"\" type=\"text\" name=\"your-company\" \/><\/span> <\/label>\n<\/p>\n<p><label> Adresse: *<br \/>\n<span class=\"wpcf7-form-control-wrap\" data-name=\"your-adress\"><input size=\"40\" maxlength=\"400\" class=\"wpcf7-form-control wpcf7-text wpcf7-validates-as-required\" aria-required=\"true\" aria-invalid=\"false\" value=\"\" type=\"text\" name=\"your-adress\" \/><\/span> <\/label>\n<\/p>\n<p><label> Postnummer \/ By: *<br \/>\n<span class=\"wpcf7-form-control-wrap\" data-name=\"your-postnr-ort\"><input size=\"40\" maxlength=\"400\" class=\"wpcf7-form-control wpcf7-text wpcf7-validates-as-required\" aria-required=\"true\" aria-invalid=\"false\" value=\"\" type=\"text\" name=\"your-postnr-ort\" \/><\/span> <\/label>\n<\/p>\n<p><label> Telefon: *<br \/>\n<span class=\"wpcf7-form-control-wrap\" data-name=\"your-phone\"><input size=\"40\" maxlength=\"400\" class=\"wpcf7-form-control wpcf7-text wpcf7-validates-as-required\" aria-required=\"true\" aria-invalid=\"false\" value=\"\" type=\"text\" name=\"your-phone\" \/><\/span> <\/label>\n<\/p>\n<p><label> E-mail: *<br \/>\n<span class=\"wpcf7-form-control-wrap\" data-name=\"your-email\"><input size=\"40\" maxlength=\"400\" class=\"wpcf7-form-control wpcf7-email wpcf7-validates-as-required wpcf7-text wpcf7-validates-as-email\" aria-required=\"true\" aria-invalid=\"false\" value=\"\" type=\"email\" name=\"your-email\" \/><\/span> <\/label>\n<\/p>\n<p>Jeg \u00f8nsker tilbuddet via: *<br \/>\n<span class=\"wpcf7-form-control-wrap\" data-name=\"radio-938\"><span class=\"wpcf7-form-control wpcf7-radio\"><span class=\"wpcf7-list-item first\"><input type=\"radio\" name=\"radio-938\" value=\"Telefon\" \/><span class=\"wpcf7-list-item-label\">Telefon<\/span><\/span><span class=\"wpcf7-list-item last\"><input type=\"radio\" name=\"radio-938\" value=\"E-mail\" \/><span class=\"wpcf7-list-item-label\">E-mail<\/span><\/span><\/span><\/span>\n<\/p>\n<p><label>* Kr\u00e6vede felter<\/label>\n<\/p>\n<p><label>\n\t<span class=\"wpcf7-form-control-wrap recaptcha\" data-name=\"recaptcha\"><span data-sitekey=\"6Lc0D6kUAAAAAARh4o4dHi4W_M2srxNgEN2eo6J6\" class=\"wpcf7-form-control wpcf7-recaptcha g-recaptcha\"><\/span>\r\n<noscript>\r\n\t<div class=\"grecaptcha-noscript\">\r\n\t\t<iframe loading=\"lazy\" src=\"https:\/\/www.google.com\/recaptcha\/api\/fallback?k=6Lc0D6kUAAAAAARh4o4dHi4W_M2srxNgEN2eo6J6\" frameborder=\"0\" scrolling=\"no\" width=\"310\" height=\"430\">\r\n\t\t<\/iframe>\r\n\t\t<textarea name=\"g-recaptcha-response\" rows=\"3\" cols=\"40\" placeholder=\"reCaptcha-svar h\u00e4r\">\r\n\t\t<\/textarea>\r\n\t<\/div>\r\n<\/noscript>\r\n<\/span><\/label>\n<\/p>\n<p><span class=\"wpcf7-form-control-wrap\" data-name=\"acceptance-901\"><span class=\"wpcf7-form-control wpcf7-acceptance optional\"><span class=\"wpcf7-list-item\"><label><input type=\"checkbox\" name=\"acceptance-901\" value=\"1\" aria-invalid=\"false\" \/><span class=\"wpcf7-list-item-label\">Jeg accepterer h\u00e5ndteringen af <a href=\"https:\/\/www.solfilm.se\/dk\/handling-of-personal-data\/\">\u200b\u200bpersonoplysninger<\/a><\/span><\/label><\/span><\/span><\/span>\n<\/p>\n<p><input class=\"wpcf7-form-control wpcf7-submit has-spinner\" type=\"submit\" value=\"Sende\" \/>\n<\/p><div class=\"wpcf7-response-output\" aria-hidden=\"true\"><\/div>\n<\/form>\n<\/div>\n<\/div>[\/vc_column][vc_column el_class=&#8221;quote-accordion&#8221; width=&#8221;1\/3&#8243;][vc_column_text]<\/p>\n<h2 style=\"margin-bottom: -10px;\">Her finder du os<\/h2>\n<p>[\/vc_column_text][vc_tta_accordion style=&#8221;flat&#8221; shape=&#8221;square&#8221; gap=&#8221;10&#8243; c_icon=&#8221;chevron&#8221; c_position=&#8221;right&#8221; active_section=&#8221;&#8221; css_animation=&#8221;none&#8221; no_fill=&#8221;true&#8221; collapsible_all=&#8221;true&#8221;][vc_tta_section title=&#8221;Stockholm&#8221; tab_id=&#8221;Stockholm&#8221;][vc_column_text]Telefon: +46 8 20 66 00<br \/>\nE-mail: <a href=\"mailto:info@solfilm.se\">info@solfilm.se<\/a>[\/vc_column_text][\/vc_tta_section][vc_tta_section title=&#8221;G\u00f6teborg&#8221; tab_id=&#8221;G\u00f6teborg&#8221;][vc_column_text]Telefon: +46 31 711 39 00<br \/>\nE-mail: <a href=\"mailto:info@solfilm.se\">info@solfilm.se<\/a>[\/vc_column_text][\/vc_tta_section][vc_tta_section title=&#8221;Malm\u00f6&#8221; tab_id=&#8221;Malm\u00f6&#8221;][vc_column_text]Telefon: +46 40 21 60 40<br \/>\nE-mail: <a href=\"mailto:info@solfilm.se\">info@solfilm.se<\/a>[\/vc_column_text][\/vc_tta_section][vc_tta_section title=&#8221;Uppsala&#8221; tab_id=&#8221;1720634057765-400a5ccf-486a&#8221;][vc_column_text]Phone: +46 18 15 22 00<br \/>\nE-mail: <a href=\"mailto:info@solfilm.se\">info@solfilm.se<\/a>[\/vc_column_text][\/vc_tta_section][vc_tta_section title=&#8221;Helsingborg&#8221; tab_id=&#8221;Helsingborg&#8221;][vc_column_text]Telefon: +46 42 16 50 10<br \/>\nE-mail: <a href=\"mailto:info@solfilm.se\">info@solfilm.se<\/a>[\/vc_column_text][\/vc_tta_section][vc_tta_section title=&#8221;J\u00f6nk\u00f6ping&#8221; tab_id=&#8221;J\u00f6nk\u00f6ping&#8221;][vc_column_text]Telefon: +46 36 18 45 00<br \/>\nE-mail: <a href=\"mailto:info@solfilm.se\">info@solfilm.se<\/a>[\/vc_column_text][\/vc_tta_section][vc_tta_section title=&#8221;Kristianstad&#8221; tab_id=&#8221;Kristianstad&#8221;][vc_column_text]Telefon: +46 44 20 91 00<br \/>\nE-mail: <a href=\"mailto:info@solfilm.se\">info@solfilm.se<\/a>[\/vc_column_text][\/vc_tta_section][\/vc_tta_accordion][\/vc_column][\/vc_row]<\/p>\n<\/div>","protected":false},"excerpt":{"rendered":"<p>Kontakt os for et gratis tilbud p\u00e5 dekorationsfilm og designfilm, s\u00e5 vender vi tilbage inden for 24 timer.<\/p>\n","protected":false},"author":1,"featured_media":0,"parent":851,"menu_order":0,"comment_status":"closed","ping_status":"closed","template":"","meta":{"footnotes":"","_links_to":"","_links_to_target":""},"class_list":["post-5067","page","type-page","status-publish","hentry"],"yoast_head":"<!-- This site is optimized with the Yoast SEO plugin v27.4 - https:\/\/yoast.com\/product\/yoast-seo-wordpress\/ -->\n<title>Tilbudsanmodning dekorativ film - Solfilmsmont\u00f6ren<\/title>\n<meta name=\"robots\" content=\"noindex, follow, max-snippet:-1, max-image-preview:large, max-video-preview:-1\" \/>\n<meta property=\"og:locale\" content=\"da_DK\" \/>\n<meta property=\"og:type\" content=\"article\" \/>\n<meta property=\"og:title\" content=\"Tilbudsanmodning dekorativ film - Solfilmsmont\u00f6ren\" \/>\n<meta property=\"og:description\" content=\"Kontakt os for et gratis tilbud p\u00e5 dekorationsfilm og designfilm, s\u00e5 vender vi tilbage inden for 24 timer.\" \/>\n<meta property=\"og:url\" content=\"https:\/\/www.solfilm.se\/dk\/kontakt\/tilbudsanmodning-dekorativ-film\/\" \/>\n<meta property=\"og:site_name\" content=\"Solfilmsmont\u00f6ren\" \/>\n<meta property=\"article:publisher\" content=\"https:\/\/www.facebook.com\/solfilmsmontoren\" \/>\n<meta property=\"article:modified_time\" content=\"2025-12-05T15:19:02+00:00\" \/>\n<meta name=\"twitter:label1\" content=\"Estimeret l\u00e6setid\" \/>\n\t<meta name=\"twitter:data1\" content=\"1 minut\" \/>\n<script type=\"application\/ld+json\" class=\"yoast-schema-graph\">{\"@context\":\"https:\\\/\\\/schema.org\",\"@graph\":[{\"@type\":\"WebPage\",\"@id\":\"https:\\\/\\\/www.solfilm.se\\\/dk\\\/kontakt\\\/tilbudsanmodning-dekorativ-film\\\/\",\"url\":\"https:\\\/\\\/www.solfilm.se\\\/dk\\\/kontakt\\\/tilbudsanmodning-dekorativ-film\\\/\",\"name\":\"Tilbudsanmodning dekorativ film - Solfilmsmont\u00f6ren\",\"isPartOf\":{\"@id\":\"https:\\\/\\\/www.solfilm.se\\\/dk\\\/#website\"},\"datePublished\":\"2021-01-11T13:52:30+00:00\",\"dateModified\":\"2025-12-05T15:19:02+00:00\",\"breadcrumb\":{\"@id\":\"https:\\\/\\\/www.solfilm.se\\\/dk\\\/kontakt\\\/tilbudsanmodning-dekorativ-film\\\/#breadcrumb\"},\"inLanguage\":\"da-DK\",\"potentialAction\":[{\"@type\":\"ReadAction\",\"target\":[\"https:\\\/\\\/www.solfilm.se\\\/dk\\\/kontakt\\\/tilbudsanmodning-dekorativ-film\\\/\"]}]},{\"@type\":\"BreadcrumbList\",\"@id\":\"https:\\\/\\\/www.solfilm.se\\\/dk\\\/kontakt\\\/tilbudsanmodning-dekorativ-film\\\/#breadcrumb\",\"itemListElement\":[{\"@type\":\"ListItem\",\"position\":1,\"name\":\"Hem\",\"item\":\"https:\\\/\\\/www.solfilm.se\\\/dk\\\/\"},{\"@type\":\"ListItem\",\"position\":2,\"name\":\"Kontakt\",\"item\":\"https:\\\/\\\/www.solfilm.se\\\/dk\\\/kontakt\\\/\"},{\"@type\":\"ListItem\",\"position\":3,\"name\":\"Tilbudsanmodning dekorativ film\"}]},{\"@type\":\"WebSite\",\"@id\":\"https:\\\/\\\/www.solfilm.se\\\/dk\\\/#website\",\"url\":\"https:\\\/\\\/www.solfilm.se\\\/dk\\\/\",\"name\":\"Solfilmsmont\u00f6ren\",\"description\":\"\",\"publisher\":{\"@id\":\"https:\\\/\\\/www.solfilm.se\\\/dk\\\/#organization\"},\"potentialAction\":[{\"@type\":\"SearchAction\",\"target\":{\"@type\":\"EntryPoint\",\"urlTemplate\":\"https:\\\/\\\/www.solfilm.se\\\/dk\\\/?s={search_term_string}\"},\"query-input\":{\"@type\":\"PropertyValueSpecification\",\"valueRequired\":true,\"valueName\":\"search_term_string\"}}],\"inLanguage\":\"da-DK\"},{\"@type\":\"Organization\",\"@id\":\"https:\\\/\\\/www.solfilm.se\\\/dk\\\/#organization\",\"name\":\"Solfilmsmont\u00f6ren Sverige AB\",\"url\":\"https:\\\/\\\/www.solfilm.se\\\/dk\\\/\",\"logo\":{\"@type\":\"ImageObject\",\"inLanguage\":\"da-DK\",\"@id\":\"https:\\\/\\\/www.solfilm.se\\\/dk\\\/#\\\/schema\\\/logo\\\/image\\\/\",\"url\":\"\",\"contentUrl\":\"\",\"caption\":\"Solfilmsmont\u00f6ren Sverige AB\"},\"image\":{\"@id\":\"https:\\\/\\\/www.solfilm.se\\\/dk\\\/#\\\/schema\\\/logo\\\/image\\\/\"},\"sameAs\":[\"https:\\\/\\\/www.facebook.com\\\/solfilmsmontoren\",\"https:\\\/\\\/www.instagram.com\\\/solfilmsmontoren\",\"https:\\\/\\\/se.linkedin.com\\\/company\\\/solfilmsmont\u00f6ren\"]}]}<\/script>\n<!-- \/ Yoast SEO plugin. -->","yoast_head_json":{"title":"Tilbudsanmodning dekorativ film - Solfilmsmont\u00f6ren","robots":{"index":"noindex","follow":"follow","max-snippet":"max-snippet:-1","max-image-preview":"max-image-preview:large","max-video-preview":"max-video-preview:-1"},"og_locale":"da_DK","og_type":"article","og_title":"Tilbudsanmodning dekorativ film - Solfilmsmont\u00f6ren","og_description":"Kontakt os for et gratis tilbud p\u00e5 dekorationsfilm og designfilm, s\u00e5 vender vi tilbage inden for 24 timer.","og_url":"https:\/\/www.solfilm.se\/dk\/kontakt\/tilbudsanmodning-dekorativ-film\/","og_site_name":"Solfilmsmont\u00f6ren","article_publisher":"https:\/\/www.facebook.com\/solfilmsmontoren","article_modified_time":"2025-12-05T15:19:02+00:00","twitter_misc":{"Estimeret l\u00e6setid":"1 minut"},"schema":{"@context":"https:\/\/schema.org","@graph":[{"@type":"WebPage","@id":"https:\/\/www.solfilm.se\/dk\/kontakt\/tilbudsanmodning-dekorativ-film\/","url":"https:\/\/www.solfilm.se\/dk\/kontakt\/tilbudsanmodning-dekorativ-film\/","name":"Tilbudsanmodning dekorativ film - Solfilmsmont\u00f6ren","isPartOf":{"@id":"https:\/\/www.solfilm.se\/dk\/#website"},"datePublished":"2021-01-11T13:52:30+00:00","dateModified":"2025-12-05T15:19:02+00:00","breadcrumb":{"@id":"https:\/\/www.solfilm.se\/dk\/kontakt\/tilbudsanmodning-dekorativ-film\/#breadcrumb"},"inLanguage":"da-DK","potentialAction":[{"@type":"ReadAction","target":["https:\/\/www.solfilm.se\/dk\/kontakt\/tilbudsanmodning-dekorativ-film\/"]}]},{"@type":"BreadcrumbList","@id":"https:\/\/www.solfilm.se\/dk\/kontakt\/tilbudsanmodning-dekorativ-film\/#breadcrumb","itemListElement":[{"@type":"ListItem","position":1,"name":"Hem","item":"https:\/\/www.solfilm.se\/dk\/"},{"@type":"ListItem","position":2,"name":"Kontakt","item":"https:\/\/www.solfilm.se\/dk\/kontakt\/"},{"@type":"ListItem","position":3,"name":"Tilbudsanmodning dekorativ film"}]},{"@type":"WebSite","@id":"https:\/\/www.solfilm.se\/dk\/#website","url":"https:\/\/www.solfilm.se\/dk\/","name":"Solfilmsmont\u00f6ren","description":"","publisher":{"@id":"https:\/\/www.solfilm.se\/dk\/#organization"},"potentialAction":[{"@type":"SearchAction","target":{"@type":"EntryPoint","urlTemplate":"https:\/\/www.solfilm.se\/dk\/?s={search_term_string}"},"query-input":{"@type":"PropertyValueSpecification","valueRequired":true,"valueName":"search_term_string"}}],"inLanguage":"da-DK"},{"@type":"Organization","@id":"https:\/\/www.solfilm.se\/dk\/#organization","name":"Solfilmsmont\u00f6ren Sverige AB","url":"https:\/\/www.solfilm.se\/dk\/","logo":{"@type":"ImageObject","inLanguage":"da-DK","@id":"https:\/\/www.solfilm.se\/dk\/#\/schema\/logo\/image\/","url":"","contentUrl":"","caption":"Solfilmsmont\u00f6ren Sverige AB"},"image":{"@id":"https:\/\/www.solfilm.se\/dk\/#\/schema\/logo\/image\/"},"sameAs":["https:\/\/www.facebook.com\/solfilmsmontoren","https:\/\/www.instagram.com\/solfilmsmontoren","https:\/\/se.linkedin.com\/company\/solfilmsmont\u00f6ren"]}]}},"_links":{"self":[{"href":"https:\/\/www.solfilm.se\/dk\/wp-json\/wp\/v2\/pages\/5067","targetHints":{"allow":["GET"]}}],"collection":[{"href":"https:\/\/www.solfilm.se\/dk\/wp-json\/wp\/v2\/pages"}],"about":[{"href":"https:\/\/www.solfilm.se\/dk\/wp-json\/wp\/v2\/types\/page"}],"author":[{"embeddable":true,"href":"https:\/\/www.solfilm.se\/dk\/wp-json\/wp\/v2\/users\/1"}],"replies":[{"embeddable":true,"href":"https:\/\/www.solfilm.se\/dk\/wp-json\/wp\/v2\/comments?post=5067"}],"version-history":[{"count":5,"href":"https:\/\/www.solfilm.se\/dk\/wp-json\/wp\/v2\/pages\/5067\/revisions"}],"predecessor-version":[{"id":11037,"href":"https:\/\/www.solfilm.se\/dk\/wp-json\/wp\/v2\/pages\/5067\/revisions\/11037"}],"up":[{"embeddable":true,"href":"https:\/\/www.solfilm.se\/dk\/wp-json\/wp\/v2\/pages\/851"}],"wp:attachment":[{"href":"https:\/\/www.solfilm.se\/dk\/wp-json\/wp\/v2\/media?parent=5067"}],"curies":[{"name":"wp","href":"https:\/\/api.w.org\/{rel}","templated":true}]}}