{"id":2712,"date":"2019-08-13T14:11:41","date_gmt":"2019-08-13T12:11:41","guid":{"rendered":"https:\/\/www.solfilm.se\/dk\/?page_id=2712"},"modified":"2024-07-10T20:00:18","modified_gmt":"2024-07-10T18:00:18","slug":"tilbudsanmodning","status":"publish","type":"page","link":"https:\/\/www.solfilm.se\/dk\/kontakt\/tilbudsanmodning\/","title":{"rendered":"Tilbudsanmodning"},"content":{"rendered":"<div class=\"wpb-content-wrapper\"><p>[vc_row bg_color=&#8221;#181a1a&#8221; text_color=&#8221;light&#8221; text_align=&#8221;center&#8221; top_padding=&#8221;60&#8243; bottom_padding=&#8221;60&#8243; class=&#8221;quote-section-page&#8221;][vc_column][vc_column_text]<\/p>\n<h1>Tilbudsanmodning<\/h1>\n<div class=\"ingress-quote\">Kontakt os for et gratis tilbud og vi vender tilbage til dig inden for 24 timer.<\/div>\n<p>[\/vc_column_text]<a href=\"https:\/\/www.solfilm.se\/dk\/kontakt\/tilbudsanmodning-solfilm\/\" target=\"_self\" class=\"button yellow medium button-quote-request\" style=\"border-radius: ;\">Solfilm<\/a><a href=\"https:\/\/www.solfilm.se\/dk\/kontakt\/tilbudsanmodning-sikkerhedsfilm\/\" target=\"_self\" class=\"button yellow medium button-quote-request\" style=\"border-radius: ;\">Sikkerhedsfilm<\/a><a href=\"https:\/\/www.solfilm.se\/dk\/kontakt\/tilbudsanmodning-dekorativ-film\/\" target=\"_self\" class=\"button yellow medium button-quote-request\" style=\"border-radius: ;\">Dekorativ film <\/a><a href=\"https:\/\/www.solfilm.se\/dk\/kontakt\/tilbudsanmodning-indvendig-folie\/\" target=\"_self\" class=\"button yellow medium button-quote-request\" style=\"border-radius: ;\">Indvendig folie<\/a>[\/vc_column][\/vc_row][vc_row bg_color=&#8221;#000000&#8243; text_color=&#8221;light&#8221; text_align=&#8221;center&#8221; top_padding=&#8221;33&#8243; bottom_padding=&#8221;40&#8243; class=&#8221;trusted-section&#8221;][vc_column][vc_raw_html]JTNDZGl2JTIwY2xhc3MlM0QlMjJ0cnVzdGVkLWluZ3Jlc3MlMjIlM0VTb2xmaWxtc21vbnQlQzMlQjZyZW4lMjBoYXIlMjBvdmVyJTIwNS4wMDAlMjB0aWxmcmVkc2UlMjBrdW5kZXIuJTNDJTJGZGl2JTNFJTBBJTNDZGl2JTIwY2xhc3MlM0QlMjJ0cnVzdGVkJTIyJTNFJTNDaSUyMGNsYXNzJTNEJTIyZmElMjBmYS1zdGFyJTIyJTNFJTNDJTJGaSUzRSUzQ2klMjBjbGFzcyUzRCUyMmZhJTIwZmEtc3RhciUyMiUzRSUzQyUyRmklM0UlM0NpJTIwY2xhc3MlM0QlMjJmYSUyMGZhLXN0YXIlMjIlM0UlM0MlMkZpJTNFJTNDaSUyMGNsYXNzJTNEJTIyZmElMjBmYS1zdGFyJTIyJTNFJTNDJTJGaSUzRSUzQ2klMjBjbGFzcyUzRCUyMmZhJTIwZmEtc3RhciUyMiUzRSUzQyUyRmklM0UlM0MlMkZkaXYlM0U=[\/vc_raw_html][\/vc_column][\/vc_row]<\/p>\n<\/div>","protected":false},"excerpt":{"rendered":"<p>Kontakt os gerne for et gratis tilbud p\u00e5 solfilm, sikkerhedsfilm, dekorationsfilm og indvendig folie, s\u00e5 vender vi tilbage inden for 24 timer.<\/p>\n","protected":false},"author":1,"featured_media":0,"parent":851,"menu_order":0,"comment_status":"closed","ping_status":"closed","template":"","meta":{"footnotes":"","_links_to":"","_links_to_target":""},"class_list":["post-2712","page","type-page","status-publish","hentry"],"yoast_head":"<!-- This site is optimized with the Yoast SEO plugin v27.4 - https:\/\/yoast.com\/product\/yoast-seo-wordpress\/ -->\n<title>Tilbudsanmodning - Solfilmsmont\u00f6ren<\/title>\n<meta name=\"robots\" content=\"noindex, follow, max-snippet:-1, max-image-preview:large, max-video-preview:-1\" \/>\n<meta property=\"og:locale\" content=\"da_DK\" \/>\n<meta property=\"og:type\" content=\"article\" \/>\n<meta property=\"og:title\" content=\"Tilbudsanmodning - Solfilmsmont\u00f6ren\" \/>\n<meta property=\"og:description\" content=\"Kontakt os gerne for et gratis tilbud p\u00e5 solfilm, sikkerhedsfilm, dekorationsfilm og indvendig folie, s\u00e5 vender vi tilbage inden for 24 timer.\" \/>\n<meta property=\"og:url\" content=\"https:\/\/www.solfilm.se\/dk\/kontakt\/tilbudsanmodning\/\" \/>\n<meta property=\"og:site_name\" content=\"Solfilmsmont\u00f6ren\" \/>\n<meta property=\"article:publisher\" content=\"https:\/\/www.facebook.com\/solfilmsmontoren\" \/>\n<meta property=\"article:modified_time\" content=\"2024-07-10T18:00:18+00:00\" \/>\n<meta name=\"twitter:label1\" content=\"Estimeret l\u00e6setid\" \/>\n\t<meta name=\"twitter:data1\" content=\"1 minut\" \/>\n<script type=\"application\/ld+json\" class=\"yoast-schema-graph\">{\"@context\":\"https:\\\/\\\/schema.org\",\"@graph\":[{\"@type\":\"WebPage\",\"@id\":\"https:\\\/\\\/www.solfilm.se\\\/dk\\\/kontakt\\\/tilbudsanmodning\\\/\",\"url\":\"https:\\\/\\\/www.solfilm.se\\\/dk\\\/kontakt\\\/tilbudsanmodning\\\/\",\"name\":\"Tilbudsanmodning - Solfilmsmont\u00f6ren\",\"isPartOf\":{\"@id\":\"https:\\\/\\\/www.solfilm.se\\\/dk\\\/#website\"},\"datePublished\":\"2019-08-13T12:11:41+00:00\",\"dateModified\":\"2024-07-10T18:00:18+00:00\",\"breadcrumb\":{\"@id\":\"https:\\\/\\\/www.solfilm.se\\\/dk\\\/kontakt\\\/tilbudsanmodning\\\/#breadcrumb\"},\"inLanguage\":\"da-DK\",\"potentialAction\":[{\"@type\":\"ReadAction\",\"target\":[\"https:\\\/\\\/www.solfilm.se\\\/dk\\\/kontakt\\\/tilbudsanmodning\\\/\"]}]},{\"@type\":\"BreadcrumbList\",\"@id\":\"https:\\\/\\\/www.solfilm.se\\\/dk\\\/kontakt\\\/tilbudsanmodning\\\/#breadcrumb\",\"itemListElement\":[{\"@type\":\"ListItem\",\"position\":1,\"name\":\"Hem\",\"item\":\"https:\\\/\\\/www.solfilm.se\\\/dk\\\/\"},{\"@type\":\"ListItem\",\"position\":2,\"name\":\"Kontakt\",\"item\":\"https:\\\/\\\/www.solfilm.se\\\/dk\\\/kontakt\\\/\"},{\"@type\":\"ListItem\",\"position\":3,\"name\":\"Tilbudsanmodning\"}]},{\"@type\":\"WebSite\",\"@id\":\"https:\\\/\\\/www.solfilm.se\\\/dk\\\/#website\",\"url\":\"https:\\\/\\\/www.solfilm.se\\\/dk\\\/\",\"name\":\"Solfilmsmont\u00f6ren\",\"description\":\"\",\"publisher\":{\"@id\":\"https:\\\/\\\/www.solfilm.se\\\/dk\\\/#organization\"},\"potentialAction\":[{\"@type\":\"SearchAction\",\"target\":{\"@type\":\"EntryPoint\",\"urlTemplate\":\"https:\\\/\\\/www.solfilm.se\\\/dk\\\/?s={search_term_string}\"},\"query-input\":{\"@type\":\"PropertyValueSpecification\",\"valueRequired\":true,\"valueName\":\"search_term_string\"}}],\"inLanguage\":\"da-DK\"},{\"@type\":\"Organization\",\"@id\":\"https:\\\/\\\/www.solfilm.se\\\/dk\\\/#organization\",\"name\":\"Solfilmsmont\u00f6ren Sverige AB\",\"url\":\"https:\\\/\\\/www.solfilm.se\\\/dk\\\/\",\"logo\":{\"@type\":\"ImageObject\",\"inLanguage\":\"da-DK\",\"@id\":\"https:\\\/\\\/www.solfilm.se\\\/dk\\\/#\\\/schema\\\/logo\\\/image\\\/\",\"url\":\"\",\"contentUrl\":\"\",\"caption\":\"Solfilmsmont\u00f6ren Sverige AB\"},\"image\":{\"@id\":\"https:\\\/\\\/www.solfilm.se\\\/dk\\\/#\\\/schema\\\/logo\\\/image\\\/\"},\"sameAs\":[\"https:\\\/\\\/www.facebook.com\\\/solfilmsmontoren\",\"https:\\\/\\\/www.instagram.com\\\/solfilmsmontoren\",\"https:\\\/\\\/se.linkedin.com\\\/company\\\/solfilmsmont\u00f6ren\"]}]}<\/script>\n<!-- \/ Yoast SEO plugin. -->","yoast_head_json":{"title":"Tilbudsanmodning - Solfilmsmont\u00f6ren","robots":{"index":"noindex","follow":"follow","max-snippet":"max-snippet:-1","max-image-preview":"max-image-preview:large","max-video-preview":"max-video-preview:-1"},"og_locale":"da_DK","og_type":"article","og_title":"Tilbudsanmodning - Solfilmsmont\u00f6ren","og_description":"Kontakt os gerne for et gratis tilbud p\u00e5 solfilm, sikkerhedsfilm, dekorationsfilm og indvendig folie, s\u00e5 vender vi tilbage inden for 24 timer.","og_url":"https:\/\/www.solfilm.se\/dk\/kontakt\/tilbudsanmodning\/","og_site_name":"Solfilmsmont\u00f6ren","article_publisher":"https:\/\/www.facebook.com\/solfilmsmontoren","article_modified_time":"2024-07-10T18:00:18+00:00","twitter_misc":{"Estimeret l\u00e6setid":"1 minut"},"schema":{"@context":"https:\/\/schema.org","@graph":[{"@type":"WebPage","@id":"https:\/\/www.solfilm.se\/dk\/kontakt\/tilbudsanmodning\/","url":"https:\/\/www.solfilm.se\/dk\/kontakt\/tilbudsanmodning\/","name":"Tilbudsanmodning - Solfilmsmont\u00f6ren","isPartOf":{"@id":"https:\/\/www.solfilm.se\/dk\/#website"},"datePublished":"2019-08-13T12:11:41+00:00","dateModified":"2024-07-10T18:00:18+00:00","breadcrumb":{"@id":"https:\/\/www.solfilm.se\/dk\/kontakt\/tilbudsanmodning\/#breadcrumb"},"inLanguage":"da-DK","potentialAction":[{"@type":"ReadAction","target":["https:\/\/www.solfilm.se\/dk\/kontakt\/tilbudsanmodning\/"]}]},{"@type":"BreadcrumbList","@id":"https:\/\/www.solfilm.se\/dk\/kontakt\/tilbudsanmodning\/#breadcrumb","itemListElement":[{"@type":"ListItem","position":1,"name":"Hem","item":"https:\/\/www.solfilm.se\/dk\/"},{"@type":"ListItem","position":2,"name":"Kontakt","item":"https:\/\/www.solfilm.se\/dk\/kontakt\/"},{"@type":"ListItem","position":3,"name":"Tilbudsanmodning"}]},{"@type":"WebSite","@id":"https:\/\/www.solfilm.se\/dk\/#website","url":"https:\/\/www.solfilm.se\/dk\/","name":"Solfilmsmont\u00f6ren","description":"","publisher":{"@id":"https:\/\/www.solfilm.se\/dk\/#organization"},"potentialAction":[{"@type":"SearchAction","target":{"@type":"EntryPoint","urlTemplate":"https:\/\/www.solfilm.se\/dk\/?s={search_term_string}"},"query-input":{"@type":"PropertyValueSpecification","valueRequired":true,"valueName":"search_term_string"}}],"inLanguage":"da-DK"},{"@type":"Organization","@id":"https:\/\/www.solfilm.se\/dk\/#organization","name":"Solfilmsmont\u00f6ren Sverige AB","url":"https:\/\/www.solfilm.se\/dk\/","logo":{"@type":"ImageObject","inLanguage":"da-DK","@id":"https:\/\/www.solfilm.se\/dk\/#\/schema\/logo\/image\/","url":"","contentUrl":"","caption":"Solfilmsmont\u00f6ren Sverige AB"},"image":{"@id":"https:\/\/www.solfilm.se\/dk\/#\/schema\/logo\/image\/"},"sameAs":["https:\/\/www.facebook.com\/solfilmsmontoren","https:\/\/www.instagram.com\/solfilmsmontoren","https:\/\/se.linkedin.com\/company\/solfilmsmont\u00f6ren"]}]}},"_links":{"self":[{"href":"https:\/\/www.solfilm.se\/dk\/wp-json\/wp\/v2\/pages\/2712","targetHints":{"allow":["GET"]}}],"collection":[{"href":"https:\/\/www.solfilm.se\/dk\/wp-json\/wp\/v2\/pages"}],"about":[{"href":"https:\/\/www.solfilm.se\/dk\/wp-json\/wp\/v2\/types\/page"}],"author":[{"embeddable":true,"href":"https:\/\/www.solfilm.se\/dk\/wp-json\/wp\/v2\/users\/1"}],"replies":[{"embeddable":true,"href":"https:\/\/www.solfilm.se\/dk\/wp-json\/wp\/v2\/comments?post=2712"}],"version-history":[{"count":5,"href":"https:\/\/www.solfilm.se\/dk\/wp-json\/wp\/v2\/pages\/2712\/revisions"}],"predecessor-version":[{"id":11011,"href":"https:\/\/www.solfilm.se\/dk\/wp-json\/wp\/v2\/pages\/2712\/revisions\/11011"}],"up":[{"embeddable":true,"href":"https:\/\/www.solfilm.se\/dk\/wp-json\/wp\/v2\/pages\/851"}],"wp:attachment":[{"href":"https:\/\/www.solfilm.se\/dk\/wp-json\/wp\/v2\/media?parent=2712"}],"curies":[{"name":"wp","href":"https:\/\/api.w.org\/{rel}","templated":true}]}}